{"id":3784,"date":"2025-02-06T12:06:20","date_gmt":"2025-02-06T12:06:20","guid":{"rendered":"https:\/\/barocacoffee.com\/product\/doce-de-leite-gedroogde-pruim\/"},"modified":"2025-02-06T12:06:20","modified_gmt":"2025-02-06T12:06:20","slug":"doce-de-leite-gedroogde-pruim","status":"publish","type":"product","link":"https:\/\/barocacoffee.com\/nl\/product\/doce-de-leite-gedroogde-pruim\/","title":{"rendered":"Doce de Leite \u2013 Gedroogde Pruim"},"content":{"rendered":"<p data-start=\"147\" data-end=\"484\">Onze Doce de Leite met Gedroogde Pruim combineert de troostende romigheid van dulce de leche met de karakteristieke en subtiel fruitige smaak van pruimen. Het resultaat is een evenwichtige en charmante combinatie, waarbij de zoetheid van de melk samensmelt met tonen van rijp fruit en compote, wat zorgt voor een zacht, elegant en heerlijk contrast. <\/p>\n<p data-start=\"486\" data-end=\"739\">Gemaakt in kleine batches en langzaam gekookt, behoudt het die omhullende romige textuur met een rijke en tegelijkertijd verfijnde smaak. De gedroogde pruim voegt diepgang en een speciaal accent toe aan de klassieker, zonder de ambachtelijke en hartelijke essentie te verliezen. <\/p>\n<p data-start=\"741\" data-end=\"1042\">Elke pot brengt die smaak van vakmanschap, ontworpen om elk moment aangenamer te maken. Het is heerlijk bij kaas, op brood, op wafels, als taartvulling, met yoghurt en desserts, of gewoon puur van de lepel \u2014 omdat dat soms op zichzelf al een genot is. <\/p>\n<p>&nbsp;<\/p>\n<pre class=\"tw-data-text tw-text-large tw-ta\" dir=\"ltr\" tabindex=\"-1\" role=\"text\" data-placeholder=\"Tradu\u00e7\u00e3o\" data-ved=\"2ahUKEwi5-_zPwfiSAxWyK7kGHcnIDqoQ3ewLegQIDBAX\" aria-label=\"Texto traduzido: Doce de Leite (manter original \/ travar) \u2014 Ameixa Em cursiva: Doce de Leite brasileiro (manter original \/ travar) com ameixa - cremoso, frutado e perfeitamente equilibrado. Descri\u00e7\u00e3o: Nosso Doce de Leite com ameixa combina a reconfortante cremosidade do caramelo de leite com a ameixa, trazendo um contraste refinado: do\u00e7ura indulgente equilibrada pelo suave brilho da fruta e notas de fruta madura e compota. O resultado \u00e9 suave, equilibrado e perfumado, com final mais fresco e elegante. Produzido em pequenos lotes e cozido lentamente na perfei\u00e7\u00e3o, \u00e9 uma \u00f3tima op\u00e7\u00e3o se voc\u00ea deseja algo al\u00e9m do cl\u00e1ssico, mantendo aquele calor artesanal. Fica delicioso com queijo, no p\u00e3o ou waffles, como recheio de bolo, ou servido com iogurte e sobremesas.\"><span class=\"Y2IQFc\" lang=\"pt\">.<\/span><\/pre>\n","protected":false},"excerpt":{"rendered":"<p>Onze Doce de Leite met Gedroogde Pruim combineert de troostende romigheid van dulce de leche met de karakteristieke en subtiel fruitige smaak van pruimen. Het resultaat is een evenwichtige en charmante combinatie, waarbij de zoetheid van de melk samensmelt met tonen van rijp fruit en compote, wat zorgt voor een zacht, elegant en heerlijk contrast. [&hellip;]<\/p>\n","protected":false},"featured_media":3199,"comment_status":"open","ping_status":"closed","template":"","meta":{"inline_featured_image":false},"product_brand":[],"product_cat":[189,198],"product_tag":[],"class_list":{"0":"post-3784","1":"product","2":"type-product","3":"status-publish","4":"has-post-thumbnail","6":"product_cat-niet-gecategoriseerd","7":"product_cat-zoetigheden","9":"first","10":"instock","11":"shipping-taxable","12":"purchasable","13":"product-type-simple"},"yoast_head":"<!-- This site is optimized with the Yoast SEO Premium plugin v24.1 (Yoast SEO v24.5) - https:\/\/yoast.com\/wordpress\/plugins\/seo\/ -->\n<title>Doce de Leite - Gedroogde Pruim - Baroca Specialty Coffee<\/title>\n<meta name=\"description\" content=\"Ontdek de ambachtelijke dulce de leche van Baroca Caf\u00e9: romig, authentiek en verkrijgbaar in de smaken Traditioneel, Pruim en Geroosterde Kokos.\" \/>\n<meta name=\"robots\" content=\"index, follow, max-snippet:-1, max-image-preview:large, max-video-preview:-1\" \/>\n<link rel=\"canonical\" href=\"https:\/\/barocacoffee.com\/nl\/product\/doce-de-leite-gedroogde-pruim\/\" \/>\n<meta property=\"og:locale\" content=\"nl_NL\" \/>\n<meta property=\"og:type\" content=\"article\" \/>\n<meta property=\"og:title\" content=\"Doce de Leite - Gedroogde Pruim\" \/>\n<meta property=\"og:description\" content=\"Ontdek de ambachtelijke dulce de leche van Baroca Caf\u00e9: romig, authentiek en verkrijgbaar in de smaken Traditioneel, Pruim en Geroosterde Kokos.\" \/>\n<meta property=\"og:url\" content=\"https:\/\/barocacoffee.com\/nl\/product\/doce-de-leite-gedroogde-pruim\/\" \/>\n<meta property=\"og:site_name\" content=\"Baroca Specialty Coffee\" \/>\n<meta property=\"og:image\" content=\"https:\/\/barocacoffee.com\/wp-content\/uploads\/2025\/02\/Design-sem-nome-2-768x1024.png\" \/>\n\t<meta property=\"og:image:width\" content=\"768\" \/>\n\t<meta property=\"og:image:height\" content=\"1024\" \/>\n\t<meta property=\"og:image:type\" content=\"image\/png\" \/>\n<meta name=\"twitter:card\" content=\"summary_large_image\" \/>\n<meta name=\"twitter:label1\" content=\"Geschatte leestijd\" \/>\n\t<meta name=\"twitter:data1\" content=\"1 minuut\" \/>\n<script type=\"application\/ld+json\" class=\"yoast-schema-graph\">{\"@context\":\"https:\/\/schema.org\",\"@graph\":[{\"@type\":\"WebPage\",\"@id\":\"https:\/\/barocacoffee.com\/nl\/product\/doce-de-leite-gedroogde-pruim\/\",\"url\":\"https:\/\/barocacoffee.com\/nl\/product\/doce-de-leite-gedroogde-pruim\/\",\"name\":\"Doce de Leite - Gedroogde Pruim - Baroca Specialty Coffee\",\"isPartOf\":{\"@id\":\"https:\/\/barocacoffee.com\/nl\/#website\"},\"primaryImageOfPage\":{\"@id\":\"https:\/\/barocacoffee.com\/nl\/product\/doce-de-leite-gedroogde-pruim\/#primaryimage\"},\"image\":{\"@id\":\"https:\/\/barocacoffee.com\/nl\/product\/doce-de-leite-gedroogde-pruim\/#primaryimage\"},\"thumbnailUrl\":\"https:\/\/barocacoffee.com\/wp-content\/uploads\/2025\/02\/Design-sem-nome-2.png\",\"datePublished\":\"2025-02-06T12:06:20+00:00\",\"description\":\"Ontdek de ambachtelijke dulce de leche van Baroca Caf\u00e9: romig, authentiek en verkrijgbaar in de smaken Traditioneel, Pruim en Geroosterde Kokos.\",\"breadcrumb\":{\"@id\":\"https:\/\/barocacoffee.com\/nl\/product\/doce-de-leite-gedroogde-pruim\/#breadcrumb\"},\"inLanguage\":\"nl-NL\",\"potentialAction\":[{\"@type\":\"ReadAction\",\"target\":[\"https:\/\/barocacoffee.com\/nl\/product\/doce-de-leite-gedroogde-pruim\/\"]}]},{\"@type\":\"ImageObject\",\"inLanguage\":\"nl-NL\",\"@id\":\"https:\/\/barocacoffee.com\/nl\/product\/doce-de-leite-gedroogde-pruim\/#primaryimage\",\"url\":\"https:\/\/barocacoffee.com\/wp-content\/uploads\/2025\/02\/Design-sem-nome-2.png\",\"contentUrl\":\"https:\/\/barocacoffee.com\/wp-content\/uploads\/2025\/02\/Design-sem-nome-2.png\",\"width\":1920,\"height\":2560},{\"@type\":\"BreadcrumbList\",\"@id\":\"https:\/\/barocacoffee.com\/nl\/product\/doce-de-leite-gedroogde-pruim\/#breadcrumb\",\"itemListElement\":[{\"@type\":\"ListItem\",\"position\":1,\"name\":\"In\u00edcio\",\"item\":\"https:\/\/barocacoffee.com\/nl\/?page_id=3446\"},{\"@type\":\"ListItem\",\"position\":2,\"name\":\"Winkel\",\"item\":\"https:\/\/barocacoffee.com\/nl\/winkel\/\"},{\"@type\":\"ListItem\",\"position\":3,\"name\":\"Doce de Leite \u2013 Gedroogde Pruim\"}]},{\"@type\":\"WebSite\",\"@id\":\"https:\/\/barocacoffee.com\/nl\/#website\",\"url\":\"https:\/\/barocacoffee.com\/nl\/\",\"name\":\"Baroca Specialty Coffee\",\"description\":\"Alerta! Caminho sem volta.\",\"publisher\":{\"@id\":\"https:\/\/barocacoffee.com\/nl\/#organization\"},\"potentialAction\":[{\"@type\":\"SearchAction\",\"target\":{\"@type\":\"EntryPoint\",\"urlTemplate\":\"https:\/\/barocacoffee.com\/nl\/?s={search_term_string}\"},\"query-input\":{\"@type\":\"PropertyValueSpecification\",\"valueRequired\":true,\"valueName\":\"search_term_string\"}}],\"inLanguage\":\"nl-NL\"},{\"@type\":\"Organization\",\"@id\":\"https:\/\/barocacoffee.com\/nl\/#organization\",\"name\":\"Baroca Specialty Coffee\",\"url\":\"https:\/\/barocacoffee.com\/nl\/\",\"logo\":{\"@type\":\"ImageObject\",\"inLanguage\":\"nl-NL\",\"@id\":\"https:\/\/barocacoffee.com\/nl\/#\/schema\/logo\/image\/\",\"url\":\"https:\/\/barocacoffee.com\/wp-content\/uploads\/2024\/08\/cropped-cropped-LOGOsFUNDO.png\",\"contentUrl\":\"https:\/\/barocacoffee.com\/wp-content\/uploads\/2024\/08\/cropped-cropped-LOGOsFUNDO.png\",\"width\":512,\"height\":512,\"caption\":\"Baroca Specialty Coffee\"},\"image\":{\"@id\":\"https:\/\/barocacoffee.com\/nl\/#\/schema\/logo\/image\/\"}}]}<\/script>\n<!-- \/ Yoast SEO Premium plugin. -->","yoast_head_json":{"title":"Doce de Leite - Gedroogde Pruim - Baroca Specialty Coffee","description":"Ontdek de ambachtelijke dulce de leche van Baroca Caf\u00e9: romig, authentiek en verkrijgbaar in de smaken Traditioneel, Pruim en Geroosterde Kokos.","robots":{"index":"index","follow":"follow","max-snippet":"max-snippet:-1","max-image-preview":"max-image-preview:large","max-video-preview":"max-video-preview:-1"},"canonical":"https:\/\/barocacoffee.com\/nl\/product\/doce-de-leite-gedroogde-pruim\/","og_locale":"nl_NL","og_type":"article","og_title":"Doce de Leite - Gedroogde Pruim","og_description":"Ontdek de ambachtelijke dulce de leche van Baroca Caf\u00e9: romig, authentiek en verkrijgbaar in de smaken Traditioneel, Pruim en Geroosterde Kokos.","og_url":"https:\/\/barocacoffee.com\/nl\/product\/doce-de-leite-gedroogde-pruim\/","og_site_name":"Baroca Specialty Coffee","og_image":[{"width":768,"height":1024,"url":"https:\/\/barocacoffee.com\/wp-content\/uploads\/2025\/02\/Design-sem-nome-2-768x1024.png","type":"image\/png"}],"twitter_card":"summary_large_image","twitter_misc":{"Geschatte leestijd":"1 minuut"},"schema":{"@context":"https:\/\/schema.org","@graph":[{"@type":"WebPage","@id":"https:\/\/barocacoffee.com\/nl\/product\/doce-de-leite-gedroogde-pruim\/","url":"https:\/\/barocacoffee.com\/nl\/product\/doce-de-leite-gedroogde-pruim\/","name":"Doce de Leite - Gedroogde Pruim - Baroca Specialty Coffee","isPartOf":{"@id":"https:\/\/barocacoffee.com\/nl\/#website"},"primaryImageOfPage":{"@id":"https:\/\/barocacoffee.com\/nl\/product\/doce-de-leite-gedroogde-pruim\/#primaryimage"},"image":{"@id":"https:\/\/barocacoffee.com\/nl\/product\/doce-de-leite-gedroogde-pruim\/#primaryimage"},"thumbnailUrl":"https:\/\/barocacoffee.com\/wp-content\/uploads\/2025\/02\/Design-sem-nome-2.png","datePublished":"2025-02-06T12:06:20+00:00","description":"Ontdek de ambachtelijke dulce de leche van Baroca Caf\u00e9: romig, authentiek en verkrijgbaar in de smaken Traditioneel, Pruim en Geroosterde Kokos.","breadcrumb":{"@id":"https:\/\/barocacoffee.com\/nl\/product\/doce-de-leite-gedroogde-pruim\/#breadcrumb"},"inLanguage":"nl-NL","potentialAction":[{"@type":"ReadAction","target":["https:\/\/barocacoffee.com\/nl\/product\/doce-de-leite-gedroogde-pruim\/"]}]},{"@type":"ImageObject","inLanguage":"nl-NL","@id":"https:\/\/barocacoffee.com\/nl\/product\/doce-de-leite-gedroogde-pruim\/#primaryimage","url":"https:\/\/barocacoffee.com\/wp-content\/uploads\/2025\/02\/Design-sem-nome-2.png","contentUrl":"https:\/\/barocacoffee.com\/wp-content\/uploads\/2025\/02\/Design-sem-nome-2.png","width":1920,"height":2560},{"@type":"BreadcrumbList","@id":"https:\/\/barocacoffee.com\/nl\/product\/doce-de-leite-gedroogde-pruim\/#breadcrumb","itemListElement":[{"@type":"ListItem","position":1,"name":"In\u00edcio","item":"https:\/\/barocacoffee.com\/nl\/?page_id=3446"},{"@type":"ListItem","position":2,"name":"Winkel","item":"https:\/\/barocacoffee.com\/nl\/winkel\/"},{"@type":"ListItem","position":3,"name":"Doce de Leite \u2013 Gedroogde Pruim"}]},{"@type":"WebSite","@id":"https:\/\/barocacoffee.com\/nl\/#website","url":"https:\/\/barocacoffee.com\/nl\/","name":"Baroca Specialty Coffee","description":"Alerta! Caminho sem volta.","publisher":{"@id":"https:\/\/barocacoffee.com\/nl\/#organization"},"potentialAction":[{"@type":"SearchAction","target":{"@type":"EntryPoint","urlTemplate":"https:\/\/barocacoffee.com\/nl\/?s={search_term_string}"},"query-input":{"@type":"PropertyValueSpecification","valueRequired":true,"valueName":"search_term_string"}}],"inLanguage":"nl-NL"},{"@type":"Organization","@id":"https:\/\/barocacoffee.com\/nl\/#organization","name":"Baroca Specialty Coffee","url":"https:\/\/barocacoffee.com\/nl\/","logo":{"@type":"ImageObject","inLanguage":"nl-NL","@id":"https:\/\/barocacoffee.com\/nl\/#\/schema\/logo\/image\/","url":"https:\/\/barocacoffee.com\/wp-content\/uploads\/2024\/08\/cropped-cropped-LOGOsFUNDO.png","contentUrl":"https:\/\/barocacoffee.com\/wp-content\/uploads\/2024\/08\/cropped-cropped-LOGOsFUNDO.png","width":512,"height":512,"caption":"Baroca Specialty Coffee"},"image":{"@id":"https:\/\/barocacoffee.com\/nl\/#\/schema\/logo\/image\/"}}]}},"_links":{"self":[{"href":"https:\/\/barocacoffee.com\/nl\/wp-json\/wp\/v2\/product\/3784","targetHints":{"allow":["GET"]}}],"collection":[{"href":"https:\/\/barocacoffee.com\/nl\/wp-json\/wp\/v2\/product"}],"about":[{"href":"https:\/\/barocacoffee.com\/nl\/wp-json\/wp\/v2\/types\/product"}],"replies":[{"embeddable":true,"href":"https:\/\/barocacoffee.com\/nl\/wp-json\/wp\/v2\/comments?post=3784"}],"wp:featuredmedia":[{"embeddable":true,"href":"https:\/\/barocacoffee.com\/nl\/wp-json\/wp\/v2\/media\/3199"}],"wp:attachment":[{"href":"https:\/\/barocacoffee.com\/nl\/wp-json\/wp\/v2\/media?parent=3784"}],"wp:term":[{"taxonomy":"product_brand","embeddable":true,"href":"https:\/\/barocacoffee.com\/nl\/wp-json\/wp\/v2\/product_brand?post=3784"},{"taxonomy":"product_cat","embeddable":true,"href":"https:\/\/barocacoffee.com\/nl\/wp-json\/wp\/v2\/product_cat?post=3784"},{"taxonomy":"product_tag","embeddable":true,"href":"https:\/\/barocacoffee.com\/nl\/wp-json\/wp\/v2\/product_tag?post=3784"}],"curies":[{"name":"wp","href":"https:\/\/api.w.org\/{rel}","templated":true}]}}