{"id":3770,"date":"2025-02-06T12:06:20","date_gmt":"2025-02-06T12:06:20","guid":{"rendered":"https:\/\/barocacoffee.com\/product\/confiture-de-lait-pruneau\/"},"modified":"2025-02-06T12:06:20","modified_gmt":"2025-02-06T12:06:20","slug":"confiture-de-lait-pruneau","status":"publish","type":"product","link":"https:\/\/barocacoffee.com\/fr\/produit\/confiture-de-lait-pruneau\/","title":{"rendered":"Confiture de lait \u2013 Pruneau"},"content":{"rendered":"<p data-start=\"147\" data-end=\"484\">Notre confiture de lait aux pruneaux unit l\u2019onctuosit\u00e9 r\u00e9confortante de la confiture de lait \u00e0 la saveur marqu\u00e9e et d\u00e9licatement fruit\u00e9e du pruneau. Le r\u00e9sultat est un mariage \u00e9quilibr\u00e9 et plein de charme, o\u00f9 la douceur du lait rencontre des notes de fruits m\u00fbrs et de compote, offrant un contraste suave, \u00e9l\u00e9gant et savoureux.<\/p>\n<p data-start=\"486\" data-end=\"739\">Pr\u00e9par\u00e9e en petits lots et cuite lentement, elle conserve cette texture cr\u00e9meuse et enveloppante, avec une saveur \u00e0 la fois riche et d\u00e9licate. Le pruneau apporte de la profondeur et une touche sp\u00e9ciale \u00e0 ce classique, sans rien enlever \u00e0 son essence artisanale et chaleureuse.<\/p>\n<p data-start=\"741\" data-end=\"1042\">Chaque pot offre ce go\u00fbt de travail bien fait, pens\u00e9 pour rendre chaque instant plus plaisant. D\u00e9licieuse avec des fromages, sur du pain, des gaufres, en fourrage de g\u00e2teaux, avec du yaourt et des desserts, ou simplement d\u00e9gust\u00e9e pure, \u00e0 la cuill\u00e8re \u2014 car parfois, c\u2019est un plaisir en soi.<\/p>\n<p>&nbsp;<\/p>\n<pre class=\"tw-data-text tw-text-large tw-ta\" dir=\"ltr\" tabindex=\"-1\" role=\"text\" data-placeholder=\"Tradu\u00e7\u00e3o\" data-ved=\"2ahUKEwi5-_zPwfiSAxWyK7kGHcnIDqoQ3ewLegQIDBAX\" aria-label=\"Texto traduzido: Doce de Leite (manter original \/ travar) \u2014 Ameixa Em cursiva: Doce de Leite brasileiro (manter original \/ travar) com ameixa - cremoso, frutado e perfeitamente equilibrado. Descri\u00e7\u00e3o: Nosso Doce de Leite com ameixa combina a reconfortante cremosidade do caramelo de leite com a ameixa, trazendo um contraste refinado: do\u00e7ura indulgente equilibrada pelo suave brilho da fruta e notas de fruta madura e compota. O resultado \u00e9 suave, equilibrado e perfumado, com final mais fresco e elegante. Produzido em pequenos lotes e cozido lentamente na perfei\u00e7\u00e3o, \u00e9 uma \u00f3tima op\u00e7\u00e3o se voc\u00ea deseja algo al\u00e9m do cl\u00e1ssico, mantendo aquele calor artesanal. Fica delicioso com queijo, no p\u00e3o ou waffles, como recheio de bolo, ou servido com iogurte e sobremesas.\"><span class=\"Y2IQFc\" lang=\"pt\">.<\/span><\/pre>\n","protected":false},"excerpt":{"rendered":"<p>Notre confiture de lait aux pruneaux unit l\u2019onctuosit\u00e9 r\u00e9confortante de la confiture de lait \u00e0 la saveur marqu\u00e9e et d\u00e9licatement fruit\u00e9e du pruneau. Le r\u00e9sultat est un mariage \u00e9quilibr\u00e9 et plein de charme, o\u00f9 la douceur du lait rencontre des notes de fruits m\u00fbrs et de compote, offrant un contraste suave, \u00e9l\u00e9gant et savoureux. Pr\u00e9par\u00e9e [&hellip;]<\/p>\n","protected":false},"featured_media":3199,"comment_status":"open","ping_status":"closed","template":"","meta":{"inline_featured_image":false},"product_brand":[],"product_cat":[196,190],"product_tag":[],"class_list":{"0":"post-3770","1":"product","2":"type-product","3":"status-publish","4":"has-post-thumbnail","6":"product_cat-confiseries","7":"product_cat-non-classe","9":"first","10":"instock","11":"shipping-taxable","12":"purchasable","13":"product-type-simple"},"yoast_head":"<!-- This site is optimized with the Yoast SEO Premium plugin v24.1 (Yoast SEO v24.5) - https:\/\/yoast.com\/wordpress\/plugins\/seo\/ -->\n<title>Confiture de lait - Pruneau - Baroca Specialty Coffee<\/title>\n<meta name=\"description\" content=\"D\u00e9couvre les confitures de lait artisanales Baroca Caf\u00e9 : cr\u00e9meuses, authentiques et disponibles en saveurs Traditionnelle, Prune et Noix de Coco Grill\u00e9e.\" \/>\n<meta name=\"robots\" content=\"index, follow, max-snippet:-1, max-image-preview:large, max-video-preview:-1\" \/>\n<link rel=\"canonical\" href=\"https:\/\/barocacoffee.com\/fr\/produit\/confiture-de-lait-pruneau\/\" \/>\n<meta property=\"og:locale\" content=\"fr_FR\" \/>\n<meta property=\"og:type\" content=\"article\" \/>\n<meta property=\"og:title\" content=\"Confiture de lait - Pruneau\" \/>\n<meta property=\"og:description\" content=\"D\u00e9couvre les confitures de lait artisanales Baroca Caf\u00e9 : cr\u00e9meuses, authentiques et disponibles en saveurs Traditionnelle, Prune et Noix de Coco Grill\u00e9e.\" \/>\n<meta property=\"og:url\" content=\"https:\/\/barocacoffee.com\/fr\/produit\/confiture-de-lait-pruneau\/\" \/>\n<meta property=\"og:site_name\" content=\"Baroca Specialty Coffee\" \/>\n<meta property=\"og:image\" content=\"https:\/\/barocacoffee.com\/wp-content\/uploads\/2025\/02\/Design-sem-nome-2-768x1024.png\" \/>\n\t<meta property=\"og:image:width\" content=\"768\" \/>\n\t<meta property=\"og:image:height\" content=\"1024\" \/>\n\t<meta property=\"og:image:type\" content=\"image\/png\" \/>\n<meta name=\"twitter:card\" content=\"summary_large_image\" \/>\n<meta name=\"twitter:label1\" content=\"Dur\u00e9e de lecture estim\u00e9e\" \/>\n\t<meta name=\"twitter:data1\" content=\"1 minute\" \/>\n<script type=\"application\/ld+json\" class=\"yoast-schema-graph\">{\"@context\":\"https:\/\/schema.org\",\"@graph\":[{\"@type\":\"WebPage\",\"@id\":\"https:\/\/barocacoffee.com\/fr\/produit\/confiture-de-lait-pruneau\/\",\"url\":\"https:\/\/barocacoffee.com\/fr\/produit\/confiture-de-lait-pruneau\/\",\"name\":\"Confiture de lait - Pruneau - Baroca Specialty Coffee\",\"isPartOf\":{\"@id\":\"https:\/\/barocacoffee.com\/fr\/#website\"},\"primaryImageOfPage\":{\"@id\":\"https:\/\/barocacoffee.com\/fr\/produit\/confiture-de-lait-pruneau\/#primaryimage\"},\"image\":{\"@id\":\"https:\/\/barocacoffee.com\/fr\/produit\/confiture-de-lait-pruneau\/#primaryimage\"},\"thumbnailUrl\":\"https:\/\/barocacoffee.com\/wp-content\/uploads\/2025\/02\/Design-sem-nome-2.png\",\"datePublished\":\"2025-02-06T12:06:20+00:00\",\"description\":\"D\u00e9couvre les confitures de lait artisanales Baroca Caf\u00e9 : cr\u00e9meuses, authentiques et disponibles en saveurs Traditionnelle, Prune et Noix de Coco Grill\u00e9e.\",\"breadcrumb\":{\"@id\":\"https:\/\/barocacoffee.com\/fr\/produit\/confiture-de-lait-pruneau\/#breadcrumb\"},\"inLanguage\":\"fr-FR\",\"potentialAction\":[{\"@type\":\"ReadAction\",\"target\":[\"https:\/\/barocacoffee.com\/fr\/produit\/confiture-de-lait-pruneau\/\"]}]},{\"@type\":\"ImageObject\",\"inLanguage\":\"fr-FR\",\"@id\":\"https:\/\/barocacoffee.com\/fr\/produit\/confiture-de-lait-pruneau\/#primaryimage\",\"url\":\"https:\/\/barocacoffee.com\/wp-content\/uploads\/2025\/02\/Design-sem-nome-2.png\",\"contentUrl\":\"https:\/\/barocacoffee.com\/wp-content\/uploads\/2025\/02\/Design-sem-nome-2.png\",\"width\":1920,\"height\":2560},{\"@type\":\"BreadcrumbList\",\"@id\":\"https:\/\/barocacoffee.com\/fr\/produit\/confiture-de-lait-pruneau\/#breadcrumb\",\"itemListElement\":[{\"@type\":\"ListItem\",\"position\":1,\"name\":\"In\u00edcio\",\"item\":\"https:\/\/barocacoffee.com\/fr\/?page_id=3368\"},{\"@type\":\"ListItem\",\"position\":2,\"name\":\"Boutique\",\"item\":\"https:\/\/barocacoffee.com\/fr\/boutique\/\"},{\"@type\":\"ListItem\",\"position\":3,\"name\":\"Confiture de lait \u2013 Pruneau\"}]},{\"@type\":\"WebSite\",\"@id\":\"https:\/\/barocacoffee.com\/fr\/#website\",\"url\":\"https:\/\/barocacoffee.com\/fr\/\",\"name\":\"Baroca Specialty Coffee\",\"description\":\"Alerta! Caminho sem volta.\",\"publisher\":{\"@id\":\"https:\/\/barocacoffee.com\/fr\/#organization\"},\"potentialAction\":[{\"@type\":\"SearchAction\",\"target\":{\"@type\":\"EntryPoint\",\"urlTemplate\":\"https:\/\/barocacoffee.com\/fr\/?s={search_term_string}\"},\"query-input\":{\"@type\":\"PropertyValueSpecification\",\"valueRequired\":true,\"valueName\":\"search_term_string\"}}],\"inLanguage\":\"fr-FR\"},{\"@type\":\"Organization\",\"@id\":\"https:\/\/barocacoffee.com\/fr\/#organization\",\"name\":\"Baroca Specialty Coffee\",\"url\":\"https:\/\/barocacoffee.com\/fr\/\",\"logo\":{\"@type\":\"ImageObject\",\"inLanguage\":\"fr-FR\",\"@id\":\"https:\/\/barocacoffee.com\/fr\/#\/schema\/logo\/image\/\",\"url\":\"https:\/\/barocacoffee.com\/wp-content\/uploads\/2024\/08\/cropped-cropped-LOGOsFUNDO.png\",\"contentUrl\":\"https:\/\/barocacoffee.com\/wp-content\/uploads\/2024\/08\/cropped-cropped-LOGOsFUNDO.png\",\"width\":512,\"height\":512,\"caption\":\"Baroca Specialty Coffee\"},\"image\":{\"@id\":\"https:\/\/barocacoffee.com\/fr\/#\/schema\/logo\/image\/\"}}]}<\/script>\n<!-- \/ Yoast SEO Premium plugin. -->","yoast_head_json":{"title":"Confiture de lait - Pruneau - Baroca Specialty Coffee","description":"D\u00e9couvre les confitures de lait artisanales Baroca Caf\u00e9 : cr\u00e9meuses, authentiques et disponibles en saveurs Traditionnelle, Prune et Noix de Coco Grill\u00e9e.","robots":{"index":"index","follow":"follow","max-snippet":"max-snippet:-1","max-image-preview":"max-image-preview:large","max-video-preview":"max-video-preview:-1"},"canonical":"https:\/\/barocacoffee.com\/fr\/produit\/confiture-de-lait-pruneau\/","og_locale":"fr_FR","og_type":"article","og_title":"Confiture de lait - Pruneau","og_description":"D\u00e9couvre les confitures de lait artisanales Baroca Caf\u00e9 : cr\u00e9meuses, authentiques et disponibles en saveurs Traditionnelle, Prune et Noix de Coco Grill\u00e9e.","og_url":"https:\/\/barocacoffee.com\/fr\/produit\/confiture-de-lait-pruneau\/","og_site_name":"Baroca Specialty Coffee","og_image":[{"width":768,"height":1024,"url":"https:\/\/barocacoffee.com\/wp-content\/uploads\/2025\/02\/Design-sem-nome-2-768x1024.png","type":"image\/png"}],"twitter_card":"summary_large_image","twitter_misc":{"Dur\u00e9e de lecture estim\u00e9e":"1 minute"},"schema":{"@context":"https:\/\/schema.org","@graph":[{"@type":"WebPage","@id":"https:\/\/barocacoffee.com\/fr\/produit\/confiture-de-lait-pruneau\/","url":"https:\/\/barocacoffee.com\/fr\/produit\/confiture-de-lait-pruneau\/","name":"Confiture de lait - Pruneau - Baroca Specialty Coffee","isPartOf":{"@id":"https:\/\/barocacoffee.com\/fr\/#website"},"primaryImageOfPage":{"@id":"https:\/\/barocacoffee.com\/fr\/produit\/confiture-de-lait-pruneau\/#primaryimage"},"image":{"@id":"https:\/\/barocacoffee.com\/fr\/produit\/confiture-de-lait-pruneau\/#primaryimage"},"thumbnailUrl":"https:\/\/barocacoffee.com\/wp-content\/uploads\/2025\/02\/Design-sem-nome-2.png","datePublished":"2025-02-06T12:06:20+00:00","description":"D\u00e9couvre les confitures de lait artisanales Baroca Caf\u00e9 : cr\u00e9meuses, authentiques et disponibles en saveurs Traditionnelle, Prune et Noix de Coco Grill\u00e9e.","breadcrumb":{"@id":"https:\/\/barocacoffee.com\/fr\/produit\/confiture-de-lait-pruneau\/#breadcrumb"},"inLanguage":"fr-FR","potentialAction":[{"@type":"ReadAction","target":["https:\/\/barocacoffee.com\/fr\/produit\/confiture-de-lait-pruneau\/"]}]},{"@type":"ImageObject","inLanguage":"fr-FR","@id":"https:\/\/barocacoffee.com\/fr\/produit\/confiture-de-lait-pruneau\/#primaryimage","url":"https:\/\/barocacoffee.com\/wp-content\/uploads\/2025\/02\/Design-sem-nome-2.png","contentUrl":"https:\/\/barocacoffee.com\/wp-content\/uploads\/2025\/02\/Design-sem-nome-2.png","width":1920,"height":2560},{"@type":"BreadcrumbList","@id":"https:\/\/barocacoffee.com\/fr\/produit\/confiture-de-lait-pruneau\/#breadcrumb","itemListElement":[{"@type":"ListItem","position":1,"name":"In\u00edcio","item":"https:\/\/barocacoffee.com\/fr\/?page_id=3368"},{"@type":"ListItem","position":2,"name":"Boutique","item":"https:\/\/barocacoffee.com\/fr\/boutique\/"},{"@type":"ListItem","position":3,"name":"Confiture de lait \u2013 Pruneau"}]},{"@type":"WebSite","@id":"https:\/\/barocacoffee.com\/fr\/#website","url":"https:\/\/barocacoffee.com\/fr\/","name":"Baroca Specialty Coffee","description":"Alerta! Caminho sem volta.","publisher":{"@id":"https:\/\/barocacoffee.com\/fr\/#organization"},"potentialAction":[{"@type":"SearchAction","target":{"@type":"EntryPoint","urlTemplate":"https:\/\/barocacoffee.com\/fr\/?s={search_term_string}"},"query-input":{"@type":"PropertyValueSpecification","valueRequired":true,"valueName":"search_term_string"}}],"inLanguage":"fr-FR"},{"@type":"Organization","@id":"https:\/\/barocacoffee.com\/fr\/#organization","name":"Baroca Specialty Coffee","url":"https:\/\/barocacoffee.com\/fr\/","logo":{"@type":"ImageObject","inLanguage":"fr-FR","@id":"https:\/\/barocacoffee.com\/fr\/#\/schema\/logo\/image\/","url":"https:\/\/barocacoffee.com\/wp-content\/uploads\/2024\/08\/cropped-cropped-LOGOsFUNDO.png","contentUrl":"https:\/\/barocacoffee.com\/wp-content\/uploads\/2024\/08\/cropped-cropped-LOGOsFUNDO.png","width":512,"height":512,"caption":"Baroca Specialty Coffee"},"image":{"@id":"https:\/\/barocacoffee.com\/fr\/#\/schema\/logo\/image\/"}}]}},"_links":{"self":[{"href":"https:\/\/barocacoffee.com\/fr\/wp-json\/wp\/v2\/product\/3770","targetHints":{"allow":["GET"]}}],"collection":[{"href":"https:\/\/barocacoffee.com\/fr\/wp-json\/wp\/v2\/product"}],"about":[{"href":"https:\/\/barocacoffee.com\/fr\/wp-json\/wp\/v2\/types\/product"}],"replies":[{"embeddable":true,"href":"https:\/\/barocacoffee.com\/fr\/wp-json\/wp\/v2\/comments?post=3770"}],"wp:featuredmedia":[{"embeddable":true,"href":"https:\/\/barocacoffee.com\/fr\/wp-json\/wp\/v2\/media\/3199"}],"wp:attachment":[{"href":"https:\/\/barocacoffee.com\/fr\/wp-json\/wp\/v2\/media?parent=3770"}],"wp:term":[{"taxonomy":"product_brand","embeddable":true,"href":"https:\/\/barocacoffee.com\/fr\/wp-json\/wp\/v2\/product_brand?post=3770"},{"taxonomy":"product_cat","embeddable":true,"href":"https:\/\/barocacoffee.com\/fr\/wp-json\/wp\/v2\/product_cat?post=3770"},{"taxonomy":"product_tag","embeddable":true,"href":"https:\/\/barocacoffee.com\/fr\/wp-json\/wp\/v2\/product_tag?post=3770"}],"curies":[{"name":"wp","href":"https:\/\/api.w.org\/{rel}","templated":true}]}}