{"id":3791,"date":"2025-02-06T12:06:20","date_gmt":"2025-02-06T12:06:20","guid":{"rendered":"https:\/\/barocacoffee.com\/product\/dulce-de-leche-ciruela-pasa\/"},"modified":"2025-02-06T12:06:20","modified_gmt":"2025-02-06T12:06:20","slug":"dulce-de-leche-ciruela-pasa","status":"publish","type":"product","link":"https:\/\/barocacoffee.com\/es\/producto\/dulce-de-leche-ciruela-pasa\/","title":{"rendered":"Dulce de Leche \u2013 Ciruela Pasa"},"content":{"rendered":"<p data-start=\"147\" data-end=\"484\">Nuestro Dulce de Leche con Ciruela Pasa une la cremosidad reconfortante del dulce de leche al sabor intenso y delicadamente frutado de la ciruela. El resultado es una combinaci\u00f3n equilibrada y llena de encanto, donde el dulzor de la leche se encuentra con notas de fruta madura y mermelada, aportando un contraste suave, elegante y muy rico.<\/p>\n<p data-start=\"486\" data-end=\"739\">Elaborado en lotes peque\u00f1os y cocinado a fuego lento, mantiene esa textura cremosa que te abraza, con un sabor rico y a la vez delicado. La ciruela pasa a\u00f1ade profundidad y un toque especial al cl\u00e1sico, sin perder su esencia artesanal y acogedora.<\/p>\n<p data-start=\"741\" data-end=\"1042\">Cada tarro trae ese sabor de algo bien hecho, pensado para que cualquier momento sea m\u00e1s placentero. Queda delicioso con quesos, en pan, con gofres, como relleno de tartas, con yogur y postres, o simplemente disfrutado solo, a cucharadas \u2014porque a veces eso, por s\u00ed solo, ya es un placer aparte.<\/p>\n<p>&nbsp;<\/p>\n<pre class=\"tw-data-text tw-text-large tw-ta\" dir=\"ltr\" tabindex=\"-1\" role=\"text\" data-placeholder=\"Tradu\u00e7\u00e3o\" data-ved=\"2ahUKEwi5-_zPwfiSAxWyK7kGHcnIDqoQ3ewLegQIDBAX\" aria-label=\"Texto traduzido: Doce de Leite (manter original \/ travar) \u2014 Ameixa Em cursiva: Doce de Leite brasileiro (manter original \/ travar) com ameixa - cremoso, frutado e perfeitamente equilibrado. Descri\u00e7\u00e3o: Nosso Doce de Leite com ameixa combina a reconfortante cremosidade do caramelo de leite com a ameixa, trazendo um contraste refinado: do\u00e7ura indulgente equilibrada pelo suave brilho da fruta e notas de fruta madura e compota. O resultado \u00e9 suave, equilibrado e perfumado, com final mais fresco e elegante. Produzido em pequenos lotes e cozido lentamente na perfei\u00e7\u00e3o, \u00e9 uma \u00f3tima op\u00e7\u00e3o se voc\u00ea deseja algo al\u00e9m do cl\u00e1ssico, mantendo aquele calor artesanal. Fica delicioso com queijo, no p\u00e3o ou waffles, como recheio de bolo, ou servido com iogurte e sobremesas.\"><span class=\"Y2IQFc\" lang=\"pt\">.<\/span><\/pre>\n","protected":false},"excerpt":{"rendered":"<p>Nuestro Dulce de Leche con Ciruela Pasa une la cremosidad reconfortante del dulce de leche al sabor intenso y delicadamente frutado de la ciruela. El resultado es una combinaci\u00f3n equilibrada y llena de encanto, donde el dulzor de la leche se encuentra con notas de fruta madura y mermelada, aportando un contraste suave, elegante y [&hellip;]<\/p>\n","protected":false},"featured_media":3199,"comment_status":"open","ping_status":"closed","template":"","meta":{"inline_featured_image":false},"product_brand":[],"product_cat":[194,193],"product_tag":[],"class_list":{"0":"post-3791","1":"product","2":"type-product","3":"status-publish","4":"has-post-thumbnail","6":"product_cat-dulces","7":"product_cat-sin-categorizar","9":"first","10":"instock","11":"shipping-taxable","12":"purchasable","13":"product-type-simple"},"yoast_head":"<!-- This site is optimized with the Yoast SEO Premium plugin v24.1 (Yoast SEO v24.5) - https:\/\/yoast.com\/wordpress\/plugins\/seo\/ -->\n<title>Dulce de Leche - Ciruela Pasa - Baroca Specialty Coffee<\/title>\n<meta name=\"description\" content=\"Descubre los dulces de leche artesanales de Baroca Caf\u00e9: cremosos, aut\u00e9nticos y disponibles en los sabores Tradicional, Ciruela y Coco Tostado.\" \/>\n<meta name=\"robots\" content=\"index, follow, max-snippet:-1, max-image-preview:large, max-video-preview:-1\" \/>\n<link rel=\"canonical\" href=\"https:\/\/barocacoffee.com\/es\/producto\/dulce-de-leche-ciruela-pasa\/\" \/>\n<meta property=\"og:locale\" content=\"es_ES\" \/>\n<meta property=\"og:type\" content=\"article\" \/>\n<meta property=\"og:title\" content=\"Dulce de Leche - Ciruela Pasa\" \/>\n<meta property=\"og:description\" content=\"Descubre los dulces de leche artesanales de Baroca Caf\u00e9: cremosos, aut\u00e9nticos y disponibles en los sabores Tradicional, Ciruela y Coco Tostado.\" \/>\n<meta property=\"og:url\" content=\"https:\/\/barocacoffee.com\/es\/producto\/dulce-de-leche-ciruela-pasa\/\" \/>\n<meta property=\"og:site_name\" content=\"Baroca Specialty Coffee\" \/>\n<meta property=\"og:image\" content=\"https:\/\/barocacoffee.com\/wp-content\/uploads\/2025\/02\/Design-sem-nome-2-768x1024.png\" \/>\n\t<meta property=\"og:image:width\" content=\"768\" \/>\n\t<meta property=\"og:image:height\" content=\"1024\" \/>\n\t<meta property=\"og:image:type\" content=\"image\/png\" \/>\n<meta name=\"twitter:card\" content=\"summary_large_image\" \/>\n<meta name=\"twitter:label1\" content=\"Tiempo de lectura\" \/>\n\t<meta name=\"twitter:data1\" content=\"1 minuto\" \/>\n<script type=\"application\/ld+json\" class=\"yoast-schema-graph\">{\"@context\":\"https:\/\/schema.org\",\"@graph\":[{\"@type\":\"WebPage\",\"@id\":\"https:\/\/barocacoffee.com\/es\/producto\/dulce-de-leche-ciruela-pasa\/\",\"url\":\"https:\/\/barocacoffee.com\/es\/producto\/dulce-de-leche-ciruela-pasa\/\",\"name\":\"Dulce de Leche - Ciruela Pasa - Baroca Specialty Coffee\",\"isPartOf\":{\"@id\":\"https:\/\/barocacoffee.com\/es\/#website\"},\"primaryImageOfPage\":{\"@id\":\"https:\/\/barocacoffee.com\/es\/producto\/dulce-de-leche-ciruela-pasa\/#primaryimage\"},\"image\":{\"@id\":\"https:\/\/barocacoffee.com\/es\/producto\/dulce-de-leche-ciruela-pasa\/#primaryimage\"},\"thumbnailUrl\":\"https:\/\/barocacoffee.com\/wp-content\/uploads\/2025\/02\/Design-sem-nome-2.png\",\"datePublished\":\"2025-02-06T12:06:20+00:00\",\"description\":\"Descubre los dulces de leche artesanales de Baroca Caf\u00e9: cremosos, aut\u00e9nticos y disponibles en los sabores Tradicional, Ciruela y Coco Tostado.\",\"breadcrumb\":{\"@id\":\"https:\/\/barocacoffee.com\/es\/producto\/dulce-de-leche-ciruela-pasa\/#breadcrumb\"},\"inLanguage\":\"es\",\"potentialAction\":[{\"@type\":\"ReadAction\",\"target\":[\"https:\/\/barocacoffee.com\/es\/producto\/dulce-de-leche-ciruela-pasa\/\"]}]},{\"@type\":\"ImageObject\",\"inLanguage\":\"es\",\"@id\":\"https:\/\/barocacoffee.com\/es\/producto\/dulce-de-leche-ciruela-pasa\/#primaryimage\",\"url\":\"https:\/\/barocacoffee.com\/wp-content\/uploads\/2025\/02\/Design-sem-nome-2.png\",\"contentUrl\":\"https:\/\/barocacoffee.com\/wp-content\/uploads\/2025\/02\/Design-sem-nome-2.png\",\"width\":1920,\"height\":2560},{\"@type\":\"BreadcrumbList\",\"@id\":\"https:\/\/barocacoffee.com\/es\/producto\/dulce-de-leche-ciruela-pasa\/#breadcrumb\",\"itemListElement\":[{\"@type\":\"ListItem\",\"position\":1,\"name\":\"In\u00edcio\",\"item\":\"https:\/\/barocacoffee.com\/es\/?page_id=3404\"},{\"@type\":\"ListItem\",\"position\":2,\"name\":\"Tienda\",\"item\":\"https:\/\/barocacoffee.com\/es\/tienda\/\"},{\"@type\":\"ListItem\",\"position\":3,\"name\":\"Dulce de Leche \u2013 Ciruela Pasa\"}]},{\"@type\":\"WebSite\",\"@id\":\"https:\/\/barocacoffee.com\/es\/#website\",\"url\":\"https:\/\/barocacoffee.com\/es\/\",\"name\":\"Baroca Specialty Coffee\",\"description\":\"Alerta! Caminho sem volta.\",\"publisher\":{\"@id\":\"https:\/\/barocacoffee.com\/es\/#organization\"},\"potentialAction\":[{\"@type\":\"SearchAction\",\"target\":{\"@type\":\"EntryPoint\",\"urlTemplate\":\"https:\/\/barocacoffee.com\/es\/?s={search_term_string}\"},\"query-input\":{\"@type\":\"PropertyValueSpecification\",\"valueRequired\":true,\"valueName\":\"search_term_string\"}}],\"inLanguage\":\"es\"},{\"@type\":\"Organization\",\"@id\":\"https:\/\/barocacoffee.com\/es\/#organization\",\"name\":\"Baroca Specialty Coffee\",\"url\":\"https:\/\/barocacoffee.com\/es\/\",\"logo\":{\"@type\":\"ImageObject\",\"inLanguage\":\"es\",\"@id\":\"https:\/\/barocacoffee.com\/es\/#\/schema\/logo\/image\/\",\"url\":\"https:\/\/barocacoffee.com\/wp-content\/uploads\/2024\/08\/cropped-cropped-LOGOsFUNDO.png\",\"contentUrl\":\"https:\/\/barocacoffee.com\/wp-content\/uploads\/2024\/08\/cropped-cropped-LOGOsFUNDO.png\",\"width\":512,\"height\":512,\"caption\":\"Baroca Specialty Coffee\"},\"image\":{\"@id\":\"https:\/\/barocacoffee.com\/es\/#\/schema\/logo\/image\/\"}}]}<\/script>\n<!-- \/ Yoast SEO Premium plugin. -->","yoast_head_json":{"title":"Dulce de Leche - Ciruela Pasa - Baroca Specialty Coffee","description":"Descubre los dulces de leche artesanales de Baroca Caf\u00e9: cremosos, aut\u00e9nticos y disponibles en los sabores Tradicional, Ciruela y Coco Tostado.","robots":{"index":"index","follow":"follow","max-snippet":"max-snippet:-1","max-image-preview":"max-image-preview:large","max-video-preview":"max-video-preview:-1"},"canonical":"https:\/\/barocacoffee.com\/es\/producto\/dulce-de-leche-ciruela-pasa\/","og_locale":"es_ES","og_type":"article","og_title":"Dulce de Leche - Ciruela Pasa","og_description":"Descubre los dulces de leche artesanales de Baroca Caf\u00e9: cremosos, aut\u00e9nticos y disponibles en los sabores Tradicional, Ciruela y Coco Tostado.","og_url":"https:\/\/barocacoffee.com\/es\/producto\/dulce-de-leche-ciruela-pasa\/","og_site_name":"Baroca Specialty Coffee","og_image":[{"width":768,"height":1024,"url":"https:\/\/barocacoffee.com\/wp-content\/uploads\/2025\/02\/Design-sem-nome-2-768x1024.png","type":"image\/png"}],"twitter_card":"summary_large_image","twitter_misc":{"Tiempo de lectura":"1 minuto"},"schema":{"@context":"https:\/\/schema.org","@graph":[{"@type":"WebPage","@id":"https:\/\/barocacoffee.com\/es\/producto\/dulce-de-leche-ciruela-pasa\/","url":"https:\/\/barocacoffee.com\/es\/producto\/dulce-de-leche-ciruela-pasa\/","name":"Dulce de Leche - Ciruela Pasa - Baroca Specialty Coffee","isPartOf":{"@id":"https:\/\/barocacoffee.com\/es\/#website"},"primaryImageOfPage":{"@id":"https:\/\/barocacoffee.com\/es\/producto\/dulce-de-leche-ciruela-pasa\/#primaryimage"},"image":{"@id":"https:\/\/barocacoffee.com\/es\/producto\/dulce-de-leche-ciruela-pasa\/#primaryimage"},"thumbnailUrl":"https:\/\/barocacoffee.com\/wp-content\/uploads\/2025\/02\/Design-sem-nome-2.png","datePublished":"2025-02-06T12:06:20+00:00","description":"Descubre los dulces de leche artesanales de Baroca Caf\u00e9: cremosos, aut\u00e9nticos y disponibles en los sabores Tradicional, Ciruela y Coco Tostado.","breadcrumb":{"@id":"https:\/\/barocacoffee.com\/es\/producto\/dulce-de-leche-ciruela-pasa\/#breadcrumb"},"inLanguage":"es","potentialAction":[{"@type":"ReadAction","target":["https:\/\/barocacoffee.com\/es\/producto\/dulce-de-leche-ciruela-pasa\/"]}]},{"@type":"ImageObject","inLanguage":"es","@id":"https:\/\/barocacoffee.com\/es\/producto\/dulce-de-leche-ciruela-pasa\/#primaryimage","url":"https:\/\/barocacoffee.com\/wp-content\/uploads\/2025\/02\/Design-sem-nome-2.png","contentUrl":"https:\/\/barocacoffee.com\/wp-content\/uploads\/2025\/02\/Design-sem-nome-2.png","width":1920,"height":2560},{"@type":"BreadcrumbList","@id":"https:\/\/barocacoffee.com\/es\/producto\/dulce-de-leche-ciruela-pasa\/#breadcrumb","itemListElement":[{"@type":"ListItem","position":1,"name":"In\u00edcio","item":"https:\/\/barocacoffee.com\/es\/?page_id=3404"},{"@type":"ListItem","position":2,"name":"Tienda","item":"https:\/\/barocacoffee.com\/es\/tienda\/"},{"@type":"ListItem","position":3,"name":"Dulce de Leche \u2013 Ciruela Pasa"}]},{"@type":"WebSite","@id":"https:\/\/barocacoffee.com\/es\/#website","url":"https:\/\/barocacoffee.com\/es\/","name":"Baroca Specialty Coffee","description":"Alerta! Caminho sem volta.","publisher":{"@id":"https:\/\/barocacoffee.com\/es\/#organization"},"potentialAction":[{"@type":"SearchAction","target":{"@type":"EntryPoint","urlTemplate":"https:\/\/barocacoffee.com\/es\/?s={search_term_string}"},"query-input":{"@type":"PropertyValueSpecification","valueRequired":true,"valueName":"search_term_string"}}],"inLanguage":"es"},{"@type":"Organization","@id":"https:\/\/barocacoffee.com\/es\/#organization","name":"Baroca Specialty Coffee","url":"https:\/\/barocacoffee.com\/es\/","logo":{"@type":"ImageObject","inLanguage":"es","@id":"https:\/\/barocacoffee.com\/es\/#\/schema\/logo\/image\/","url":"https:\/\/barocacoffee.com\/wp-content\/uploads\/2024\/08\/cropped-cropped-LOGOsFUNDO.png","contentUrl":"https:\/\/barocacoffee.com\/wp-content\/uploads\/2024\/08\/cropped-cropped-LOGOsFUNDO.png","width":512,"height":512,"caption":"Baroca Specialty Coffee"},"image":{"@id":"https:\/\/barocacoffee.com\/es\/#\/schema\/logo\/image\/"}}]}},"_links":{"self":[{"href":"https:\/\/barocacoffee.com\/es\/wp-json\/wp\/v2\/product\/3791","targetHints":{"allow":["GET"]}}],"collection":[{"href":"https:\/\/barocacoffee.com\/es\/wp-json\/wp\/v2\/product"}],"about":[{"href":"https:\/\/barocacoffee.com\/es\/wp-json\/wp\/v2\/types\/product"}],"replies":[{"embeddable":true,"href":"https:\/\/barocacoffee.com\/es\/wp-json\/wp\/v2\/comments?post=3791"}],"wp:featuredmedia":[{"embeddable":true,"href":"https:\/\/barocacoffee.com\/es\/wp-json\/wp\/v2\/media\/3199"}],"wp:attachment":[{"href":"https:\/\/barocacoffee.com\/es\/wp-json\/wp\/v2\/media?parent=3791"}],"wp:term":[{"taxonomy":"product_brand","embeddable":true,"href":"https:\/\/barocacoffee.com\/es\/wp-json\/wp\/v2\/product_brand?post=3791"},{"taxonomy":"product_cat","embeddable":true,"href":"https:\/\/barocacoffee.com\/es\/wp-json\/wp\/v2\/product_cat?post=3791"},{"taxonomy":"product_tag","embeddable":true,"href":"https:\/\/barocacoffee.com\/es\/wp-json\/wp\/v2\/product_tag?post=3791"}],"curies":[{"name":"wp","href":"https:\/\/api.w.org\/{rel}","templated":true}]}}