{"id":3294,"date":"2024-09-14T21:13:55","date_gmt":"2024-09-14T21:13:55","guid":{"rendered":"https:\/\/barocacoffee.com\/tienda-2\/"},"modified":"2026-04-18T20:56:31","modified_gmt":"2026-04-18T20:56:31","slug":"tienda-2","status":"publish","type":"page","link":"https:\/\/barocacoffee.com\/es\/tienda-2\/","title":{"rendered":"Tienda"},"content":{"rendered":"\t\t<div data-elementor-type=\"wp-page\" data-elementor-id=\"3294\" class=\"elementor elementor-3294 elementor-2298\" data-elementor-post-type=\"page\">\n\t\t\t\t<div class=\"elementor-element elementor-element-71ced95 e-flex e-con-boxed e-con e-parent\" data-id=\"71ced95\" data-element_type=\"container\" data-e-type=\"container\" data-settings=\"{&quot;background_background&quot;:&quot;video&quot;,&quot;background_video_link&quot;:&quot;https:\\\/\\\/www.youtube.com\\\/watch?v=vm5k4imKoXY&quot;,&quot;background_play_on_mobile&quot;:&quot;yes&quot;}\">\n\t\t\t\t\t<div class=\"e-con-inner\">\n\t\t<div class=\"elementor-background-video-container\">\n\t\t\t\t\t\t\t<div class=\"elementor-background-video-embed\" role=\"presentation\"><\/div>\n\t\t\t\t\t\t<\/div><div class=\"elementor-element elementor-element-0c5cbe7 e-con-full e-flex e-con e-child\" data-id=\"0c5cbe7\" data-element_type=\"container\" data-e-type=\"container\">\n\t\t\t\t<\/div>\n\t\t<div class=\"elementor-element elementor-element-b7f1c0a e-con-full e-flex e-con e-child\" data-id=\"b7f1c0a\" data-element_type=\"container\" data-e-type=\"container\" data-settings=\"{&quot;background_background&quot;:&quot;classic&quot;}\">\n\t\t\t\t<div class=\"elementor-element elementor-element-3efd1af elementor-widget elementor-widget-heading\" data-id=\"3efd1af\" data-element_type=\"widget\" data-e-type=\"widget\" data-widget_type=\"heading.default\">\n\t\t\t\t<div class=\"elementor-widget-container\">\n\t\t\t\t\t<h2 class=\"elementor-heading-title elementor-size-default\">Tienda<\/h2>\t\t\t\t<\/div>\n\t\t\t\t<\/div>\n\t\t\t\t<\/div>\n\t\t<div class=\"elementor-element elementor-element-2626268 e-con-full e-flex e-con e-child\" data-id=\"2626268\" data-element_type=\"container\" data-e-type=\"container\">\n\t\t\t\t<\/div>\n\t\t\t\t\t<\/div>\n\t\t\t\t<\/div>\n\t\t<div class=\"elementor-element elementor-element-22ba8957 e-flex e-con-boxed elementor-invisible e-con e-parent\" data-id=\"22ba8957\" data-element_type=\"container\" data-e-type=\"container\" data-settings=\"{&quot;animation&quot;:&quot;fadeInRight&quot;}\">\n\t\t\t\t\t<div class=\"e-con-inner\">\n\t\t\t\t<div class=\"elementor-element elementor-element-6fd40079 elementor-widget elementor-widget-heading\" data-id=\"6fd40079\" data-element_type=\"widget\" data-e-type=\"widget\" data-widget_type=\"heading.default\">\n\t\t\t\t<div class=\"elementor-widget-container\">\n\t\t\t\t\t<h1 class=\"elementor-heading-title elementor-size-default\">Tu momento especial<br>con nuestro caf\u00e9 brasile\u00f1o<\/h1>\t\t\t\t<\/div>\n\t\t\t\t<\/div>\n\t\t\t\t<div class=\"elementor-element elementor-element-76aa38e6 elementor-widget elementor-widget-heading\" data-id=\"76aa38e6\" data-element_type=\"widget\" data-e-type=\"widget\" data-widget_type=\"heading.default\">\n\t\t\t\t<div class=\"elementor-widget-container\">\n\t\t\t\t\t<h2 class=\"elementor-heading-title elementor-size-default\">Descubre el aut\u00e9ntico caf\u00e9 de especialidad.<\/h2>\t\t\t\t<\/div>\n\t\t\t\t<\/div>\n\t\t\t\t<div class=\"elementor-element elementor-element-2028d19 elementor-grid-3 elementor-product-loop-item--align-center elementor-grid-mobile-1 e-transform elementor-grid-tablet-3 elementor-products-grid elementor-wc-products elementor-invisible elementor-widget elementor-widget-woocommerce-products\" data-id=\"2028d19\" data-element_type=\"widget\" data-e-type=\"widget\" data-settings=\"{&quot;_animation&quot;:&quot;fadeIn&quot;,&quot;_transform_scale_effect_hover&quot;:{&quot;unit&quot;:&quot;px&quot;,&quot;size&quot;:1.1,&quot;sizes&quot;:[]},&quot;_transform_scale_effect_hover_tablet&quot;:{&quot;unit&quot;:&quot;px&quot;,&quot;size&quot;:&quot;&quot;,&quot;sizes&quot;:[]},&quot;_transform_scale_effect_hover_mobile&quot;:{&quot;unit&quot;:&quot;px&quot;,&quot;size&quot;:&quot;&quot;,&quot;sizes&quot;:[]}}\" data-widget_type=\"woocommerce-products.default\">\n\t\t\t\t<div class=\"elementor-widget-container\">\n\t\t\t\t\t<div class=\"woocommerce columns-3 \"><ul class=\"products elementor-grid columns-3\">\n<li class=\"product type-product post-3791 status-publish first instock product_cat-dulces product_cat-sin-categorizar has-post-thumbnail shipping-taxable purchasable product-type-simple\">\n\t<a href=\"https:\/\/barocacoffee.com\/es\/producto\/dulce-de-leche-ciruela-pasa\/\" class=\"woocommerce-LoopProduct-link woocommerce-loop-product__link\"><img fetchpriority=\"high\" decoding=\"async\" width=\"600\" height=\"800\" src=\"https:\/\/barocacoffee.com\/wp-content\/uploads\/2025\/02\/Design-sem-nome-2-600x800.png\" class=\"attachment-woocommerce_thumbnail size-woocommerce_thumbnail\" alt=\"Dulce de Leche - Ciruela Pasa\" srcset=\"https:\/\/barocacoffee.com\/wp-content\/uploads\/2025\/02\/Design-sem-nome-2-600x800.png 600w, https:\/\/barocacoffee.com\/wp-content\/uploads\/2025\/02\/Design-sem-nome-2-225x300.png 225w, https:\/\/barocacoffee.com\/wp-content\/uploads\/2025\/02\/Design-sem-nome-2-1500x2000.png 1500w, https:\/\/barocacoffee.com\/wp-content\/uploads\/2025\/02\/Design-sem-nome-2-768x1024.png 768w, https:\/\/barocacoffee.com\/wp-content\/uploads\/2025\/02\/Design-sem-nome-2-1152x1536.png 1152w, https:\/\/barocacoffee.com\/wp-content\/uploads\/2025\/02\/Design-sem-nome-2-1536x2048.png 1536w, https:\/\/barocacoffee.com\/wp-content\/uploads\/2025\/02\/Design-sem-nome-2-1200x1600.png 1200w, https:\/\/barocacoffee.com\/wp-content\/uploads\/2025\/02\/Design-sem-nome-2.png 1920w\" sizes=\"(max-width: 600px) 100vw, 600px\" \/><h2 class=\"woocommerce-loop-product__title\">Dulce de Leche \u2013 Ciruela Pasa<\/h2>\n\t<span class=\"price\"><span class=\"woocommerce-Price-amount amount\"><bdi><span class=\"woocommerce-Price-currencySymbol\">&euro;<\/span>&nbsp;7,70<\/bdi><\/span><\/span>\n<\/a><a href=\"\/es\/wp-json\/wp\/v2\/pages\/3294?add-to-cart=3791\" aria-describedby=\"woocommerce_loop_add_to_cart_link_describedby_3791\" data-quantity=\"1\" class=\"button product_type_simple add_to_cart_button ajax_add_to_cart\" data-product_id=\"3791\" data-product_sku=\"\" aria-label=\"A\u00f1adir al carrito: &ldquo;Dulce de Leche - Ciruela Pasa&rdquo;\" rel=\"nofollow\" data-success_message=\"\u00abDulce de Leche - Ciruela Pasa\u00bb se ha a\u00f1adido a tu carrito\">A\u00f1adir al carrito<\/a>\t<span id=\"woocommerce_loop_add_to_cart_link_describedby_3791\" class=\"screen-reader-text\">\n\t\t\t<\/span>\n<\/li>\n<\/ul>\n<\/div>\t\t\t\t<\/div>\n\t\t\t\t<\/div>\n\t\t\t\t\t<\/div>\n\t\t\t\t<\/div>\n\t\t<div class=\"elementor-element elementor-element-88aa05e e-flex e-con-boxed elementor-invisible e-con e-parent\" data-id=\"88aa05e\" data-element_type=\"container\" data-e-type=\"container\" data-settings=\"{&quot;animation&quot;:&quot;fadeIn&quot;}\">\n\t\t\t\t\t<div class=\"e-con-inner\">\n\t\t\t\t<div class=\"elementor-element elementor-element-5774337 elementor-widget-divider--view-line_icon elementor-view-default elementor-widget-divider--element-align-center elementor-widget elementor-widget-divider\" data-id=\"5774337\" data-element_type=\"widget\" data-e-type=\"widget\" data-widget_type=\"divider.default\">\n\t\t\t\t<div class=\"elementor-widget-container\">\n\t\t\t\t\t\t\t<div class=\"elementor-divider\">\n\t\t\t<span class=\"elementor-divider-separator\">\n\t\t\t\t\t\t\t<div class=\"elementor-icon elementor-divider__element\">\n\t\t\t\t\t<svg xmlns=\"http:\/\/www.w3.org\/2000\/svg\" id=\"Line\" height=\"512\" viewBox=\"0 0 64 64\" width=\"512\"><path d=\"m10.97174 25.09418c-.06433 7.86444 1.3678 18.55554 8.56635 24.858a6.35671 6.35671 0 0 0 3.17191 1.47018 51.03946 51.03946 0 0 0 8.15137.65772 51.01186 51.01186 0 0 0 8.15137-.6582c3.3018-.54954 5.39362-3.63094 7.10934-6.18234 5.04-1.29881 12.46921-6.52586 12.5596-11.27274.13943-4.14179-4.87488-4.80671-8.06247-4.5151.103-1.518.1437-2.98707.12979-4.37107-.022-3.68671-8.89624-4.97809-12.71576-5.36237a1.00028 1.00028 0 0 0 -.19916 1.99025c7.71479.77538 10.91694 2.58739 10.91694 3.38524 0 1.26318-6.31446 3.72217-17.88965 3.72217s-17.88965-2.459-17.88965-3.72217c0-.83105 3.3457-2.69043 11.40527-3.43164a1 1 0 0 0 -.18365-1.9912c-3.97884.36927-13.1927 1.61477-13.2216 5.42327zm45.13666 7.34382c2.53093 3.25816-4.28087 8.43723-8.59491 10.22859a35.96215 35.96215 0 0 0 2.92993-11.19624c2.65167-.22035 4.74371.12651 5.66498.96765zm-25.24707-1.62208c6.99158 0 14.36786-.9552 17.8454-2.99927-.27723 7.03839-1.98554 15.5047-7.83954 20.62964a4.34773 4.34773 0 0 1 -2.17481 1.00146 49.05111 49.05111 0 0 1 -15.66211.00049 4.36443 4.36443 0 0 1 -2.18652-1.01172c-5.84467-5.11645-7.55175-13.58209-7.82875-20.62052 3.47707 2.04447 10.85408 2.99992 17.84633 2.99992z\"><\/path><path d=\"m31.69922 60c16.10281.19483 33.51469-6.618 23.40163-15.39808a1.0003 1.0003 0 0 0 -1.20726 1.59489c7.82574 6.195-7.24111 11.85593-22.19419 11.80324-16.10888.06191-32.33461-6.569-20.0414-13.1255a1.0003 1.0003 0 0 0 -.9061-1.78321c-3.55463 1.80466-5.43452 4.04-5.43452 6.46384 0 5.85693 11.58789 10.44482 26.38184 10.44482z\"><\/path><path d=\"m27.88574 23.29346a1.0006 1.0006 0 0 0 1.60746 1.19135c1.123-1.51508 2.54-5.01606-.1348-7.42085-1.98926-1.79.03711-4.70849.14258-4.85644a1.00044 1.00044 0 0 0 -1.62308-1.16938c-1.11618 1.54926-2.52438 5.11323.14261 7.51264 1.98926 1.78858-.04883 4.62549-.13477 4.74268z\"><\/path><path d=\"m34.50977 16.6709a1.0003 1.0003 0 0 0 1.60745 1.19037c1.122-1.51459 2.539-5.01557-.1348-7.42133-1.99512-1.79394.04883-4.72314.14358-4.85644a1.00056 1.00056 0 0 0 -1.62406-1.1684c-1.11715 1.54926-2.52438 5.11322.14261 7.51166 1.98826 1.78955-.04885 4.62646-.13478 4.74414z\"><\/path><\/svg><\/div>\n\t\t\t\t\t\t<\/span>\n\t\t<\/div>\n\t\t\t\t\t\t<\/div>\n\t\t\t\t<\/div>\n\t\t\t\t\t<\/div>\n\t\t\t\t<\/div>\n\t\t<div class=\"elementor-element elementor-element-cbaa9af e-flex e-con-boxed elementor-invisible e-con e-parent\" data-id=\"cbaa9af\" data-element_type=\"container\" data-e-type=\"container\" data-settings=\"{&quot;background_background&quot;:&quot;classic&quot;,&quot;animation&quot;:&quot;fadeInRight&quot;}\">\n\t\t\t\t\t<div class=\"e-con-inner\">\n\t\t\t\t<div class=\"elementor-element elementor-element-1186882f elementor-widget elementor-widget-heading\" data-id=\"1186882f\" data-element_type=\"widget\" data-e-type=\"widget\" data-widget_type=\"heading.default\">\n\t\t\t\t<div class=\"elementor-widget-container\">\n\t\t\t\t\t<h2 class=\"elementor-heading-title elementor-size-default\">Redes sociales.<\/h2>\t\t\t\t<\/div>\n\t\t\t\t<\/div>\n\t\t\t\t<div class=\"elementor-element elementor-element-1b4374cd elementor-widget elementor-widget-text-editor\" data-id=\"1b4374cd\" data-element_type=\"widget\" data-e-type=\"widget\" data-widget_type=\"text-editor.default\">\n\t\t\t\t<div class=\"elementor-widget-container\">\n\t\t\t\t\t\t\t\t\t<p><span dir=\"auto\" style=\"vertical-align: inherit;\"><span dir=\"auto\" style=\"vertical-align: inherit;\">Echa un vistazo a nuestro Instagram.<\/span><\/span><\/p>\t\t\t\t\t\t\t\t<\/div>\n\t\t\t\t<\/div>\n\t\t\t\t<div class=\"elementor-element elementor-element-5766a80b elementor-widget__width-initial elementor-skin-carousel elementor-widget elementor-widget-media-carousel\" data-id=\"5766a80b\" data-element_type=\"widget\" data-e-type=\"widget\" data-settings=\"{&quot;slides_per_view&quot;:&quot;3&quot;,&quot;slides_to_scroll&quot;:&quot;1&quot;,&quot;space_between&quot;:{&quot;unit&quot;:&quot;px&quot;,&quot;size&quot;:37,&quot;sizes&quot;:[]},&quot;slides_per_view_tablet&quot;:&quot;4&quot;,&quot;slides_per_view_mobile&quot;:&quot;2&quot;,&quot;skin&quot;:&quot;carousel&quot;,&quot;effect&quot;:&quot;slide&quot;,&quot;speed&quot;:500,&quot;autoplay&quot;:&quot;yes&quot;,&quot;autoplay_speed&quot;:5000,&quot;loop&quot;:&quot;yes&quot;,&quot;pause_on_hover&quot;:&quot;yes&quot;,&quot;pause_on_interaction&quot;:&quot;yes&quot;,&quot;space_between_tablet&quot;:{&quot;unit&quot;:&quot;px&quot;,&quot;size&quot;:10,&quot;sizes&quot;:[]},&quot;space_between_mobile&quot;:{&quot;unit&quot;:&quot;px&quot;,&quot;size&quot;:10,&quot;sizes&quot;:[]}}\" data-widget_type=\"media-carousel.default\">\n\t\t\t\t<div class=\"elementor-widget-container\">\n\t\t\t\t\t\t\t\t\t<div class=\"elementor-swiper\">\n\t\t\t\t\t<div class=\"elementor-main-swiper swiper\" role=\"region\" aria-roledescription=\"carousel\" aria-label=\"Slides\">\n\t\t\t\t<div class=\"swiper-wrapper\">\n\t\t\t\t\t\t\t\t\t\t\t<div class=\"swiper-slide\" role=\"group\" aria-roledescription=\"slide\">\n\t\t\t\t\t\t\t<a href=\"https:\/\/www.instagram.com\/p\/DT7qZchlHGT\/\">\t\t<div class=\"elementor-carousel-image\" role=\"img\" aria-label=\"26b79fc3-c11a-4981-9630-9c527981b52d\" style=\"background-image: url(&#039;https:\/\/barocacoffee.com\/wp-content\/uploads\/2026\/02\/26b79fc3-c11a-4981-9630-9c527981b52d.jpg&#039;)\">\n\n\t\t\t\n\t\t\t\t\t<\/div>\n\t\t<\/a>\t\t\t\t\t\t<\/div>\n\t\t\t\t\t\t\t\t\t\t\t<div class=\"swiper-slide\" role=\"group\" aria-roledescription=\"slide\">\n\t\t\t\t\t\t\t<a href=\"https:\/\/www.instagram.com\/p\/DKj0hwoN44O\/?img_index=1\">\t\t<div class=\"elementor-carousel-image\" role=\"img\" aria-label=\"e4e7beb3-7eea-463c-815d-3878b36c009a\" style=\"background-image: url(&#039;https:\/\/barocacoffee.com\/wp-content\/uploads\/2026\/02\/e4e7beb3-7eea-463c-815d-3878b36c009a.jpg&#039;)\">\n\n\t\t\t\n\t\t\t\t\t<\/div>\n\t\t<\/a>\t\t\t\t\t\t<\/div>\n\t\t\t\t\t\t\t\t\t\t\t<div class=\"swiper-slide\" role=\"group\" aria-roledescription=\"slide\">\n\t\t\t\t\t\t\t<a href=\"https:\/\/www.instagram.com\/p\/DJUWwWfolpC\/\">\t\t<div class=\"elementor-carousel-image\" role=\"img\" aria-label=\"5e7ec67a-8c3d-4168-bfea-b30ea70b7423\" style=\"background-image: url(&#039;https:\/\/barocacoffee.com\/wp-content\/uploads\/2026\/02\/5e7ec67a-8c3d-4168-bfea-b30ea70b7423.jpg&#039;)\">\n\n\t\t\t\n\t\t\t\t\t<\/div>\n\t\t<\/a>\t\t\t\t\t\t<\/div>\n\t\t\t\t\t\t\t\t\t\t\t<div class=\"swiper-slide\" role=\"group\" aria-roledescription=\"slide\">\n\t\t\t\t\t\t\t<a href=\"https:\/\/www.instagram.com\/p\/DKy7owwtFc-\/\">\t\t<div class=\"elementor-carousel-image\" role=\"img\" aria-label=\"556ab221-8090-409f-a91f-bc532253b358\" style=\"background-image: url(&#039;https:\/\/barocacoffee.com\/wp-content\/uploads\/2026\/02\/556ab221-8090-409f-a91f-bc532253b358.jpg&#039;)\">\n\n\t\t\t\n\t\t\t\t\t<\/div>\n\t\t<\/a>\t\t\t\t\t\t<\/div>\n\t\t\t\t\t\t\t\t\t\t\t<div class=\"swiper-slide\" role=\"group\" aria-roledescription=\"slide\">\n\t\t\t\t\t\t\t<a href=\"https:\/\/www.instagram.com\/p\/DK_pj6vtcbd\/?img_index=1\">\t\t<div class=\"elementor-carousel-image\" role=\"img\" aria-label=\"7b0c4330-ce96-4adf-9fa8-410a00d78656\" style=\"background-image: url(&#039;https:\/\/barocacoffee.com\/wp-content\/uploads\/2026\/02\/7b0c4330-ce96-4adf-9fa8-410a00d78656.jpg&#039;)\">\n\n\t\t\t\n\t\t\t\t\t<\/div>\n\t\t<\/a>\t\t\t\t\t\t<\/div>\n\t\t\t\t\t\t\t\t\t<\/div>\n\t\t\t\t\t\t\t\t\t\t\t\t\t\t\t\t\t\t\t\t\t<\/div>\n\t\t\t\t<\/div>\n\t\t\t\t\t\t\t\t<\/div>\n\t\t\t\t<\/div>\n\t\t\t\t\t<\/div>\n\t\t\t\t<\/div>\n\t\t<div class=\"elementor-element elementor-element-3571b41 e-flex e-con-boxed e-con e-parent\" data-id=\"3571b41\" data-element_type=\"container\" data-e-type=\"container\">\n\t\t\t\t\t<div class=\"e-con-inner\">\n\t\t\t\t\t<\/div>\n\t\t\t\t<\/div>\n\t\t\t\t<\/div>\n\t\t","protected":false},"excerpt":{"rendered":"<p>Tienda Tu momento especialcon nuestro caf\u00e9 brasile\u00f1o Descubre el aut\u00e9ntico caf\u00e9 de especialidad. Redes sociales. Echa un vistazo a nuestro Instagram.<\/p>\n","protected":false},"author":1,"featured_media":0,"parent":0,"menu_order":0,"comment_status":"closed","ping_status":"closed","template":"elementor_header_footer","meta":{"inline_featured_image":false,"footnotes":""},"class_list":["post-3294","page","type-page","status-publish","hentry"],"yoast_head":"<!-- This site is optimized with the Yoast SEO Premium plugin v24.1 (Yoast SEO v24.5) - https:\/\/yoast.com\/wordpress\/plugins\/seo\/ -->\n<title>Tienda - Baroca Specialty Coffee<\/title>\n<meta name=\"robots\" content=\"index, follow, max-snippet:-1, max-image-preview:large, max-video-preview:-1\" \/>\n<link rel=\"canonical\" href=\"https:\/\/barocacoffee.com\/es\/tienda-2\/\" \/>\n<meta property=\"og:locale\" content=\"es_ES\" \/>\n<meta property=\"og:type\" content=\"article\" \/>\n<meta property=\"og:title\" content=\"Tienda\" \/>\n<meta property=\"og:description\" content=\"Tienda Tu momento especialcon nuestro caf\u00e9 brasile\u00f1o Descubre el aut\u00e9ntico caf\u00e9 de especialidad. Redes sociales. Echa un vistazo a nuestro Instagram.\" \/>\n<meta property=\"og:url\" content=\"https:\/\/barocacoffee.com\/es\/tienda-2\/\" \/>\n<meta property=\"og:site_name\" content=\"Baroca Specialty Coffee\" \/>\n<meta property=\"article:modified_time\" content=\"2026-04-18T20:56:31+00:00\" \/>\n<meta name=\"twitter:card\" content=\"summary_large_image\" \/>\n<script type=\"application\/ld+json\" class=\"yoast-schema-graph\">{\"@context\":\"https:\/\/schema.org\",\"@graph\":[{\"@type\":\"WebPage\",\"@id\":\"https:\/\/barocacoffee.com\/es\/tienda-2\/\",\"url\":\"https:\/\/barocacoffee.com\/es\/tienda-2\/\",\"name\":\"Tienda - Baroca Specialty Coffee\",\"isPartOf\":{\"@id\":\"https:\/\/barocacoffee.com\/es\/#website\"},\"datePublished\":\"2024-09-14T21:13:55+00:00\",\"dateModified\":\"2026-04-18T20:56:31+00:00\",\"breadcrumb\":{\"@id\":\"https:\/\/barocacoffee.com\/es\/tienda-2\/#breadcrumb\"},\"inLanguage\":\"es\",\"potentialAction\":[{\"@type\":\"ReadAction\",\"target\":[\"https:\/\/barocacoffee.com\/es\/tienda-2\/\"]}]},{\"@type\":\"BreadcrumbList\",\"@id\":\"https:\/\/barocacoffee.com\/es\/tienda-2\/#breadcrumb\",\"itemListElement\":[{\"@type\":\"ListItem\",\"position\":1,\"name\":\"In\u00edcio\",\"item\":\"https:\/\/barocacoffee.com\/es\/?page_id=3404\"},{\"@type\":\"ListItem\",\"position\":2,\"name\":\"Tienda\"}]},{\"@type\":\"WebSite\",\"@id\":\"https:\/\/barocacoffee.com\/es\/#website\",\"url\":\"https:\/\/barocacoffee.com\/es\/\",\"name\":\"Baroca Specialty Coffee\",\"description\":\"Alerta! Caminho sem volta.\",\"publisher\":{\"@id\":\"https:\/\/barocacoffee.com\/es\/#organization\"},\"potentialAction\":[{\"@type\":\"SearchAction\",\"target\":{\"@type\":\"EntryPoint\",\"urlTemplate\":\"https:\/\/barocacoffee.com\/es\/?s={search_term_string}\"},\"query-input\":{\"@type\":\"PropertyValueSpecification\",\"valueRequired\":true,\"valueName\":\"search_term_string\"}}],\"inLanguage\":\"es\"},{\"@type\":\"Organization\",\"@id\":\"https:\/\/barocacoffee.com\/es\/#organization\",\"name\":\"Baroca Specialty Coffee\",\"url\":\"https:\/\/barocacoffee.com\/es\/\",\"logo\":{\"@type\":\"ImageObject\",\"inLanguage\":\"es\",\"@id\":\"https:\/\/barocacoffee.com\/es\/#\/schema\/logo\/image\/\",\"url\":\"https:\/\/barocacoffee.com\/wp-content\/uploads\/2024\/08\/cropped-cropped-LOGOsFUNDO.png\",\"contentUrl\":\"https:\/\/barocacoffee.com\/wp-content\/uploads\/2024\/08\/cropped-cropped-LOGOsFUNDO.png\",\"width\":512,\"height\":512,\"caption\":\"Baroca Specialty Coffee\"},\"image\":{\"@id\":\"https:\/\/barocacoffee.com\/es\/#\/schema\/logo\/image\/\"}}]}<\/script>\n<!-- \/ Yoast SEO Premium plugin. -->","yoast_head_json":{"title":"Tienda - Baroca Specialty Coffee","robots":{"index":"index","follow":"follow","max-snippet":"max-snippet:-1","max-image-preview":"max-image-preview:large","max-video-preview":"max-video-preview:-1"},"canonical":"https:\/\/barocacoffee.com\/es\/tienda-2\/","og_locale":"es_ES","og_type":"article","og_title":"Tienda","og_description":"Tienda Tu momento especialcon nuestro caf\u00e9 brasile\u00f1o Descubre el aut\u00e9ntico caf\u00e9 de especialidad. Redes sociales. Echa un vistazo a nuestro Instagram.","og_url":"https:\/\/barocacoffee.com\/es\/tienda-2\/","og_site_name":"Baroca Specialty Coffee","article_modified_time":"2026-04-18T20:56:31+00:00","twitter_card":"summary_large_image","schema":{"@context":"https:\/\/schema.org","@graph":[{"@type":"WebPage","@id":"https:\/\/barocacoffee.com\/es\/tienda-2\/","url":"https:\/\/barocacoffee.com\/es\/tienda-2\/","name":"Tienda - Baroca Specialty Coffee","isPartOf":{"@id":"https:\/\/barocacoffee.com\/es\/#website"},"datePublished":"2024-09-14T21:13:55+00:00","dateModified":"2026-04-18T20:56:31+00:00","breadcrumb":{"@id":"https:\/\/barocacoffee.com\/es\/tienda-2\/#breadcrumb"},"inLanguage":"es","potentialAction":[{"@type":"ReadAction","target":["https:\/\/barocacoffee.com\/es\/tienda-2\/"]}]},{"@type":"BreadcrumbList","@id":"https:\/\/barocacoffee.com\/es\/tienda-2\/#breadcrumb","itemListElement":[{"@type":"ListItem","position":1,"name":"In\u00edcio","item":"https:\/\/barocacoffee.com\/es\/?page_id=3404"},{"@type":"ListItem","position":2,"name":"Tienda"}]},{"@type":"WebSite","@id":"https:\/\/barocacoffee.com\/es\/#website","url":"https:\/\/barocacoffee.com\/es\/","name":"Baroca Specialty Coffee","description":"Alerta! Caminho sem volta.","publisher":{"@id":"https:\/\/barocacoffee.com\/es\/#organization"},"potentialAction":[{"@type":"SearchAction","target":{"@type":"EntryPoint","urlTemplate":"https:\/\/barocacoffee.com\/es\/?s={search_term_string}"},"query-input":{"@type":"PropertyValueSpecification","valueRequired":true,"valueName":"search_term_string"}}],"inLanguage":"es"},{"@type":"Organization","@id":"https:\/\/barocacoffee.com\/es\/#organization","name":"Baroca Specialty Coffee","url":"https:\/\/barocacoffee.com\/es\/","logo":{"@type":"ImageObject","inLanguage":"es","@id":"https:\/\/barocacoffee.com\/es\/#\/schema\/logo\/image\/","url":"https:\/\/barocacoffee.com\/wp-content\/uploads\/2024\/08\/cropped-cropped-LOGOsFUNDO.png","contentUrl":"https:\/\/barocacoffee.com\/wp-content\/uploads\/2024\/08\/cropped-cropped-LOGOsFUNDO.png","width":512,"height":512,"caption":"Baroca Specialty Coffee"},"image":{"@id":"https:\/\/barocacoffee.com\/es\/#\/schema\/logo\/image\/"}}]}},"_links":{"self":[{"href":"https:\/\/barocacoffee.com\/es\/wp-json\/wp\/v2\/pages\/3294","targetHints":{"allow":["GET"]}}],"collection":[{"href":"https:\/\/barocacoffee.com\/es\/wp-json\/wp\/v2\/pages"}],"about":[{"href":"https:\/\/barocacoffee.com\/es\/wp-json\/wp\/v2\/types\/page"}],"author":[{"embeddable":true,"href":"https:\/\/barocacoffee.com\/es\/wp-json\/wp\/v2\/users\/1"}],"replies":[{"embeddable":true,"href":"https:\/\/barocacoffee.com\/es\/wp-json\/wp\/v2\/comments?post=3294"}],"version-history":[{"count":2,"href":"https:\/\/barocacoffee.com\/es\/wp-json\/wp\/v2\/pages\/3294\/revisions"}],"predecessor-version":[{"id":3312,"href":"https:\/\/barocacoffee.com\/es\/wp-json\/wp\/v2\/pages\/3294\/revisions\/3312"}],"wp:attachment":[{"href":"https:\/\/barocacoffee.com\/es\/wp-json\/wp\/v2\/media?parent=3294"}],"curies":[{"name":"wp","href":"https:\/\/api.w.org\/{rel}","templated":true}]}}