{"id":3777,"date":"2025-02-06T12:06:20","date_gmt":"2025-02-06T12:06:20","guid":{"rendered":"https:\/\/barocacoffee.com\/product\/dulce-de-leche-prune\/"},"modified":"2025-02-06T12:06:20","modified_gmt":"2025-02-06T12:06:20","slug":"dulce-de-leche-prune","status":"publish","type":"product","link":"https:\/\/barocacoffee.com\/en\/product\/dulce-de-leche-prune\/","title":{"rendered":"Dulce de Leche &#8211; Prune"},"content":{"rendered":"<p data-start=\"147\" data-end=\"484\">Our Dulce de Leche with Prunes combines the comforting creaminess of dulce de leche with the bold and delicately fruity flavor of the prune. The result is a balanced and charming combination, where the sweetness of the milk meets notes of ripe fruit and jam, providing a smooth, elegant, and delicious contrast.<\/p>\n<p data-start=\"486\" data-end=\"739\">Made in small batches and slow-cooked, it maintains a comforting creamy texture with a flavor that is both rich and delicate. Prunes add depth and a special touch to the classic, while preserving its artisanal and cozy essence.<\/p>\n<p data-start=\"741\" data-end=\"1042\">Each jar delivers the taste of quality craftsmanship, designed to make any moment more enjoyable. It is delicious with cheese, on bread, in waffles, as a cake filling, with yogurt and desserts, or simply enjoyed on its own by the spoonful \u2014 because sometimes, that is a pleasure in itself.<\/p>\n<p>&nbsp;<\/p>\n<pre class=\"tw-data-text tw-text-large tw-ta\" dir=\"ltr\" tabindex=\"-1\" role=\"text\" data-placeholder=\"Tradu\u00e7\u00e3o\" data-ved=\"2ahUKEwi5-_zPwfiSAxWyK7kGHcnIDqoQ3ewLegQIDBAX\" aria-label=\"Texto traduzido: Doce de Leite (manter original \/ travar) \u2014 Ameixa Em cursiva: Doce de Leite brasileiro (manter original \/ travar) com ameixa - cremoso, frutado e perfeitamente equilibrado. Descri\u00e7\u00e3o: Nosso Doce de Leite com ameixa combina a reconfortante cremosidade do caramelo de leite com a ameixa, trazendo um contraste refinado: do\u00e7ura indulgente equilibrada pelo suave brilho da fruta e notas de fruta madura e compota. O resultado \u00e9 suave, equilibrado e perfumado, com final mais fresco e elegante. Produzido em pequenos lotes e cozido lentamente na perfei\u00e7\u00e3o, \u00e9 uma \u00f3tima op\u00e7\u00e3o se voc\u00ea deseja algo al\u00e9m do cl\u00e1ssico, mantendo aquele calor artesanal. Fica delicioso com queijo, no p\u00e3o ou waffles, como recheio de bolo, ou servido com iogurte e sobremesas.\"><span class=\"Y2IQFc\" lang=\"pt\">.<\/span><\/pre>\n","protected":false},"excerpt":{"rendered":"<p>Our Dulce de Leche with Prunes combines the comforting creaminess of dulce de leche with the bold and delicately fruity flavor of the prune. The result is a balanced and charming combination, where the sweetness of the milk meets notes of ripe fruit and jam, providing a smooth, elegant, and delicious contrast. Made in small [&hellip;]<\/p>\n","protected":false},"featured_media":3199,"comment_status":"open","ping_status":"closed","template":"","meta":{"inline_featured_image":false},"product_brand":[],"product_cat":[15,197],"product_tag":[],"class_list":{"0":"post-3777","1":"product","2":"type-product","3":"status-publish","4":"has-post-thumbnail","6":"product_cat-cafe-brasil","7":"product_cat-sweets","9":"first","10":"instock","11":"shipping-taxable","12":"purchasable","13":"product-type-simple"},"yoast_head":"<!-- This site is optimized with the Yoast SEO Premium plugin v24.1 (Yoast SEO v24.5) - https:\/\/yoast.com\/wordpress\/plugins\/seo\/ -->\n<title>Dulce de Leche - Prune - Baroca Specialty Coffee<\/title>\n<meta name=\"description\" content=\"Discover Baroca Caf\u00e9&#039;s artisanal dulce de leche: creamy, authentic, and available in Traditional, Plum, and Toasted Coconut flavors.\" \/>\n<meta name=\"robots\" content=\"index, follow, max-snippet:-1, max-image-preview:large, max-video-preview:-1\" \/>\n<link rel=\"canonical\" href=\"https:\/\/barocacoffee.com\/en\/product\/dulce-de-leche-prune\/\" \/>\n<meta property=\"og:locale\" content=\"en_US\" \/>\n<meta property=\"og:type\" content=\"article\" \/>\n<meta property=\"og:title\" content=\"Dulce de Leche - Prune\" \/>\n<meta property=\"og:description\" content=\"Discover Baroca Caf\u00e9&#039;s artisanal dulce de leche: creamy, authentic, and available in Traditional, Plum, and Toasted Coconut flavors.\" \/>\n<meta property=\"og:url\" content=\"https:\/\/barocacoffee.com\/en\/product\/dulce-de-leche-prune\/\" \/>\n<meta property=\"og:site_name\" content=\"Baroca Specialty Coffee\" \/>\n<meta property=\"og:image\" content=\"https:\/\/barocacoffee.com\/wp-content\/uploads\/2025\/02\/Design-sem-nome-2-768x1024.png\" \/>\n\t<meta property=\"og:image:width\" content=\"768\" \/>\n\t<meta property=\"og:image:height\" content=\"1024\" \/>\n\t<meta property=\"og:image:type\" content=\"image\/png\" \/>\n<meta name=\"twitter:card\" content=\"summary_large_image\" \/>\n<meta name=\"twitter:label1\" content=\"Est. reading time\" \/>\n\t<meta name=\"twitter:data1\" content=\"1 minute\" \/>\n<script type=\"application\/ld+json\" class=\"yoast-schema-graph\">{\"@context\":\"https:\/\/schema.org\",\"@graph\":[{\"@type\":\"WebPage\",\"@id\":\"https:\/\/barocacoffee.com\/en\/product\/dulce-de-leche-prune\/\",\"url\":\"https:\/\/barocacoffee.com\/en\/product\/dulce-de-leche-prune\/\",\"name\":\"Dulce de Leche - Prune - Baroca Specialty Coffee\",\"isPartOf\":{\"@id\":\"https:\/\/barocacoffee.com\/en\/#website\"},\"primaryImageOfPage\":{\"@id\":\"https:\/\/barocacoffee.com\/en\/product\/dulce-de-leche-prune\/#primaryimage\"},\"image\":{\"@id\":\"https:\/\/barocacoffee.com\/en\/product\/dulce-de-leche-prune\/#primaryimage\"},\"thumbnailUrl\":\"https:\/\/barocacoffee.com\/wp-content\/uploads\/2025\/02\/Design-sem-nome-2.png\",\"datePublished\":\"2025-02-06T12:06:20+00:00\",\"description\":\"Discover Baroca Caf\u00e9's artisanal dulce de leche: creamy, authentic, and available in Traditional, Plum, and Toasted Coconut flavors.\",\"breadcrumb\":{\"@id\":\"https:\/\/barocacoffee.com\/en\/product\/dulce-de-leche-prune\/#breadcrumb\"},\"inLanguage\":\"en-US\",\"potentialAction\":[{\"@type\":\"ReadAction\",\"target\":[\"https:\/\/barocacoffee.com\/en\/product\/dulce-de-leche-prune\/\"]}]},{\"@type\":\"ImageObject\",\"inLanguage\":\"en-US\",\"@id\":\"https:\/\/barocacoffee.com\/en\/product\/dulce-de-leche-prune\/#primaryimage\",\"url\":\"https:\/\/barocacoffee.com\/wp-content\/uploads\/2025\/02\/Design-sem-nome-2.png\",\"contentUrl\":\"https:\/\/barocacoffee.com\/wp-content\/uploads\/2025\/02\/Design-sem-nome-2.png\",\"width\":1920,\"height\":2560},{\"@type\":\"BreadcrumbList\",\"@id\":\"https:\/\/barocacoffee.com\/en\/product\/dulce-de-leche-prune\/#breadcrumb\",\"itemListElement\":[{\"@type\":\"ListItem\",\"position\":1,\"name\":\"In\u00edcio\",\"item\":\"https:\/\/barocacoffee.com\/en\/?page_id=3332\"},{\"@type\":\"ListItem\",\"position\":2,\"name\":\"Shop\",\"item\":\"https:\/\/barocacoffee.com\/en\/shop\/\"},{\"@type\":\"ListItem\",\"position\":3,\"name\":\"Dulce de Leche \u2013 Prune\"}]},{\"@type\":\"WebSite\",\"@id\":\"https:\/\/barocacoffee.com\/en\/#website\",\"url\":\"https:\/\/barocacoffee.com\/en\/\",\"name\":\"Baroca Specialty Coffee\",\"description\":\"Alerta! Caminho sem volta.\",\"publisher\":{\"@id\":\"https:\/\/barocacoffee.com\/en\/#organization\"},\"potentialAction\":[{\"@type\":\"SearchAction\",\"target\":{\"@type\":\"EntryPoint\",\"urlTemplate\":\"https:\/\/barocacoffee.com\/en\/?s={search_term_string}\"},\"query-input\":{\"@type\":\"PropertyValueSpecification\",\"valueRequired\":true,\"valueName\":\"search_term_string\"}}],\"inLanguage\":\"en-US\"},{\"@type\":\"Organization\",\"@id\":\"https:\/\/barocacoffee.com\/en\/#organization\",\"name\":\"Baroca Specialty Coffee\",\"url\":\"https:\/\/barocacoffee.com\/en\/\",\"logo\":{\"@type\":\"ImageObject\",\"inLanguage\":\"en-US\",\"@id\":\"https:\/\/barocacoffee.com\/en\/#\/schema\/logo\/image\/\",\"url\":\"https:\/\/barocacoffee.com\/wp-content\/uploads\/2024\/08\/cropped-cropped-LOGOsFUNDO.png\",\"contentUrl\":\"https:\/\/barocacoffee.com\/wp-content\/uploads\/2024\/08\/cropped-cropped-LOGOsFUNDO.png\",\"width\":512,\"height\":512,\"caption\":\"Baroca Specialty Coffee\"},\"image\":{\"@id\":\"https:\/\/barocacoffee.com\/en\/#\/schema\/logo\/image\/\"}}]}<\/script>\n<!-- \/ Yoast SEO Premium plugin. -->","yoast_head_json":{"title":"Dulce de Leche - Prune - Baroca Specialty Coffee","description":"Discover Baroca Caf\u00e9's artisanal dulce de leche: creamy, authentic, and available in Traditional, Plum, and Toasted Coconut flavors.","robots":{"index":"index","follow":"follow","max-snippet":"max-snippet:-1","max-image-preview":"max-image-preview:large","max-video-preview":"max-video-preview:-1"},"canonical":"https:\/\/barocacoffee.com\/en\/product\/dulce-de-leche-prune\/","og_locale":"en_US","og_type":"article","og_title":"Dulce de Leche - Prune","og_description":"Discover Baroca Caf\u00e9's artisanal dulce de leche: creamy, authentic, and available in Traditional, Plum, and Toasted Coconut flavors.","og_url":"https:\/\/barocacoffee.com\/en\/product\/dulce-de-leche-prune\/","og_site_name":"Baroca Specialty Coffee","og_image":[{"width":768,"height":1024,"url":"https:\/\/barocacoffee.com\/wp-content\/uploads\/2025\/02\/Design-sem-nome-2-768x1024.png","type":"image\/png"}],"twitter_card":"summary_large_image","twitter_misc":{"Est. reading time":"1 minute"},"schema":{"@context":"https:\/\/schema.org","@graph":[{"@type":"WebPage","@id":"https:\/\/barocacoffee.com\/en\/product\/dulce-de-leche-prune\/","url":"https:\/\/barocacoffee.com\/en\/product\/dulce-de-leche-prune\/","name":"Dulce de Leche - Prune - Baroca Specialty Coffee","isPartOf":{"@id":"https:\/\/barocacoffee.com\/en\/#website"},"primaryImageOfPage":{"@id":"https:\/\/barocacoffee.com\/en\/product\/dulce-de-leche-prune\/#primaryimage"},"image":{"@id":"https:\/\/barocacoffee.com\/en\/product\/dulce-de-leche-prune\/#primaryimage"},"thumbnailUrl":"https:\/\/barocacoffee.com\/wp-content\/uploads\/2025\/02\/Design-sem-nome-2.png","datePublished":"2025-02-06T12:06:20+00:00","description":"Discover Baroca Caf\u00e9's artisanal dulce de leche: creamy, authentic, and available in Traditional, Plum, and Toasted Coconut flavors.","breadcrumb":{"@id":"https:\/\/barocacoffee.com\/en\/product\/dulce-de-leche-prune\/#breadcrumb"},"inLanguage":"en-US","potentialAction":[{"@type":"ReadAction","target":["https:\/\/barocacoffee.com\/en\/product\/dulce-de-leche-prune\/"]}]},{"@type":"ImageObject","inLanguage":"en-US","@id":"https:\/\/barocacoffee.com\/en\/product\/dulce-de-leche-prune\/#primaryimage","url":"https:\/\/barocacoffee.com\/wp-content\/uploads\/2025\/02\/Design-sem-nome-2.png","contentUrl":"https:\/\/barocacoffee.com\/wp-content\/uploads\/2025\/02\/Design-sem-nome-2.png","width":1920,"height":2560},{"@type":"BreadcrumbList","@id":"https:\/\/barocacoffee.com\/en\/product\/dulce-de-leche-prune\/#breadcrumb","itemListElement":[{"@type":"ListItem","position":1,"name":"In\u00edcio","item":"https:\/\/barocacoffee.com\/en\/?page_id=3332"},{"@type":"ListItem","position":2,"name":"Shop","item":"https:\/\/barocacoffee.com\/en\/shop\/"},{"@type":"ListItem","position":3,"name":"Dulce de Leche \u2013 Prune"}]},{"@type":"WebSite","@id":"https:\/\/barocacoffee.com\/en\/#website","url":"https:\/\/barocacoffee.com\/en\/","name":"Baroca Specialty Coffee","description":"Alerta! Caminho sem volta.","publisher":{"@id":"https:\/\/barocacoffee.com\/en\/#organization"},"potentialAction":[{"@type":"SearchAction","target":{"@type":"EntryPoint","urlTemplate":"https:\/\/barocacoffee.com\/en\/?s={search_term_string}"},"query-input":{"@type":"PropertyValueSpecification","valueRequired":true,"valueName":"search_term_string"}}],"inLanguage":"en-US"},{"@type":"Organization","@id":"https:\/\/barocacoffee.com\/en\/#organization","name":"Baroca Specialty Coffee","url":"https:\/\/barocacoffee.com\/en\/","logo":{"@type":"ImageObject","inLanguage":"en-US","@id":"https:\/\/barocacoffee.com\/en\/#\/schema\/logo\/image\/","url":"https:\/\/barocacoffee.com\/wp-content\/uploads\/2024\/08\/cropped-cropped-LOGOsFUNDO.png","contentUrl":"https:\/\/barocacoffee.com\/wp-content\/uploads\/2024\/08\/cropped-cropped-LOGOsFUNDO.png","width":512,"height":512,"caption":"Baroca Specialty Coffee"},"image":{"@id":"https:\/\/barocacoffee.com\/en\/#\/schema\/logo\/image\/"}}]}},"_links":{"self":[{"href":"https:\/\/barocacoffee.com\/en\/wp-json\/wp\/v2\/product\/3777","targetHints":{"allow":["GET"]}}],"collection":[{"href":"https:\/\/barocacoffee.com\/en\/wp-json\/wp\/v2\/product"}],"about":[{"href":"https:\/\/barocacoffee.com\/en\/wp-json\/wp\/v2\/types\/product"}],"replies":[{"embeddable":true,"href":"https:\/\/barocacoffee.com\/en\/wp-json\/wp\/v2\/comments?post=3777"}],"wp:featuredmedia":[{"embeddable":true,"href":"https:\/\/barocacoffee.com\/en\/wp-json\/wp\/v2\/media\/3199"}],"wp:attachment":[{"href":"https:\/\/barocacoffee.com\/en\/wp-json\/wp\/v2\/media?parent=3777"}],"wp:term":[{"taxonomy":"product_brand","embeddable":true,"href":"https:\/\/barocacoffee.com\/en\/wp-json\/wp\/v2\/product_brand?post=3777"},{"taxonomy":"product_cat","embeddable":true,"href":"https:\/\/barocacoffee.com\/en\/wp-json\/wp\/v2\/product_cat?post=3777"},{"taxonomy":"product_tag","embeddable":true,"href":"https:\/\/barocacoffee.com\/en\/wp-json\/wp\/v2\/product_tag?post=3777"}],"curies":[{"name":"wp","href":"https:\/\/api.w.org\/{rel}","templated":true}]}}